{"id":880,"date":"2024-11-28T16:14:21","date_gmt":"2024-11-28T15:14:21","guid":{"rendered":"https:\/\/www.chtiraspycard.fr\/?post_type=product&#038;p=880"},"modified":"2024-11-28T17:21:51","modified_gmt":"2024-11-28T16:21:51","slug":"allimentation-12-volts-special-ampli","status":"publish","type":"product","link":"https:\/\/www.chtiraspycard.fr\/?product=allimentation-12-volts-special-ampli","title":{"rendered":"Allimentation 12 volts sp\u00e9cial Ampli"},"content":{"rendered":"<p><img loading=\"lazy\" decoding=\"async\" class=\"aligncenter size-full wp-image-881\" src=\"https:\/\/www.chtiraspycard.fr\/wp-content\/uploads\/2024\/11\/alim-12v.jpg\" alt=\"\" width=\"613\" height=\"559\" srcset=\"https:\/\/www.chtiraspycard.fr\/wp-content\/uploads\/2024\/11\/alim-12v.jpg 613w, https:\/\/www.chtiraspycard.fr\/wp-content\/uploads\/2024\/11\/alim-12v-300x274.jpg 300w, https:\/\/www.chtiraspycard.fr\/wp-content\/uploads\/2024\/11\/alim-12v-600x547.jpg 600w\" sizes=\"auto, (max-width: 613px) 100vw, 613px\" \/><\/p>\n","protected":false},"excerpt":{"rendered":"<p>Alimentation 12 volts 3A 220 volts pour le chti-Ampli .<\/p>\n<p>Cette alimentation r\u00e9duit consid\u00e9rablement les interf\u00e9rences, les bruits de fond \u00e9mis par les trips leds ect\u00a0 &#8230;<\/p>\n<p>Utilisation sur un Ampli max 2A.<\/p>\n","protected":false},"featured_media":881,"comment_status":"open","ping_status":"closed","template":"","meta":[],"product_cat":[17],"product_tag":[],"class_list":{"0":"post-880","1":"product","2":"type-product","3":"status-publish","4":"has-post-thumbnail","6":"product_cat-son","8":"first","9":"instock","10":"shipping-taxable","11":"purchasable","12":"product-type-simple"},"_links":{"self":[{"href":"https:\/\/www.chtiraspycard.fr\/index.php?rest_route=\/wp\/v2\/product\/880","targetHints":{"allow":["GET"]}}],"collection":[{"href":"https:\/\/www.chtiraspycard.fr\/index.php?rest_route=\/wp\/v2\/product"}],"about":[{"href":"https:\/\/www.chtiraspycard.fr\/index.php?rest_route=\/wp\/v2\/types\/product"}],"replies":[{"embeddable":true,"href":"https:\/\/www.chtiraspycard.fr\/index.php?rest_route=%2Fwp%2Fv2%2Fcomments&post=880"}],"wp:featuredmedia":[{"embeddable":true,"href":"https:\/\/www.chtiraspycard.fr\/index.php?rest_route=\/wp\/v2\/media\/881"}],"wp:attachment":[{"href":"https:\/\/www.chtiraspycard.fr\/index.php?rest_route=%2Fwp%2Fv2%2Fmedia&parent=880"}],"wp:term":[{"taxonomy":"product_cat","embeddable":true,"href":"https:\/\/www.chtiraspycard.fr\/index.php?rest_route=%2Fwp%2Fv2%2Fproduct_cat&post=880"},{"taxonomy":"product_tag","embeddable":true,"href":"https:\/\/www.chtiraspycard.fr\/index.php?rest_route=%2Fwp%2Fv2%2Fproduct_tag&post=880"}],"curies":[{"name":"wp","href":"https:\/\/api.w.org\/{rel}","templated":true}]}}