{"id":779,"date":"2024-11-02T11:27:51","date_gmt":"2024-11-02T10:27:51","guid":{"rendered":"https:\/\/www.chtiraspycard.fr\/?post_type=product&#038;p=779"},"modified":"2025-03-06T16:45:33","modified_gmt":"2025-03-06T15:45:33","slug":"joueur-suivant-a-distance","status":"publish","type":"product","link":"https:\/\/www.chtiraspycard.fr\/?product=joueur-suivant-a-distance","title":{"rendered":"Joueur Suivant \u00e0 distance"},"content":{"rendered":"<p><img loading=\"lazy\" decoding=\"async\" class=\"aligncenter size-full wp-image-780\" src=\"https:\/\/www.chtiraspycard.fr\/wp-content\/uploads\/2024\/11\/module-telecommade.jpg\" alt=\"\" width=\"300\" height=\"538\" srcset=\"https:\/\/www.chtiraspycard.fr\/wp-content\/uploads\/2024\/11\/module-telecommade.jpg 300w, https:\/\/www.chtiraspycard.fr\/wp-content\/uploads\/2024\/11\/module-telecommade-167x300.jpg 167w\" sizes=\"auto, (max-width: 300px) 100vw, 300px\" \/>Module qui est pr\u00e9vu pour poser sur la Chtiraspycard : il vous permet de changer de joueur \u00e0 distance quand vous \u00eates en position de tir et que votre adversaire a oubli\u00e9 d&#8217;appuyer sur le panel.<\/p>\n<p>Lorsque vous \u00eates \u00e0 plusieurs joueurs dans le feu de l\u2019action et des discutions, certains oublient d&#8217;appuyer sur le bouton ; il faut crier &#8220;appuie appuie sur le bouton&#8221;. Cette option \u00e9vite cela ; oui, certes, c&#8217;est un gadget de plus mais franchement \u00e0 mon niveau je m&#8217;en sers r\u00e9guli\u00e8rement.<\/p>\n<p>Ce module est install\u00e9 dans une petite boite faite en 3d.<\/p>\n","protected":false},"excerpt":{"rendered":"<p>Module qui est pr\u00e9vu pour poser sur la Chtiraspycard : il vous permet de changer de joueur \u00e0 distance quand vous \u00eates en position de tir et que votre adversaire a oubli\u00e9 d&#8217;appuyer sur le panel. Lorsque vous \u00eates \u00e0 plusieurs joueurs dans le feu de l\u2019action et des discutions, certains oublient d&#8217;appuyer sur le [&hellip;]<\/p>\n","protected":false},"featured_media":781,"comment_status":"open","ping_status":"closed","template":"","meta":[],"product_cat":[15],"product_tag":[],"class_list":{"0":"post-779","1":"product","2":"type-product","3":"status-publish","4":"has-post-thumbnail","6":"product_cat-non-classe","8":"first","9":"instock","10":"shipping-taxable","11":"purchasable","12":"product-type-simple"},"_links":{"self":[{"href":"https:\/\/www.chtiraspycard.fr\/index.php?rest_route=\/wp\/v2\/product\/779","targetHints":{"allow":["GET"]}}],"collection":[{"href":"https:\/\/www.chtiraspycard.fr\/index.php?rest_route=\/wp\/v2\/product"}],"about":[{"href":"https:\/\/www.chtiraspycard.fr\/index.php?rest_route=\/wp\/v2\/types\/product"}],"replies":[{"embeddable":true,"href":"https:\/\/www.chtiraspycard.fr\/index.php?rest_route=%2Fwp%2Fv2%2Fcomments&post=779"}],"wp:featuredmedia":[{"embeddable":true,"href":"https:\/\/www.chtiraspycard.fr\/index.php?rest_route=\/wp\/v2\/media\/781"}],"wp:attachment":[{"href":"https:\/\/www.chtiraspycard.fr\/index.php?rest_route=%2Fwp%2Fv2%2Fmedia&parent=779"}],"wp:term":[{"taxonomy":"product_cat","embeddable":true,"href":"https:\/\/www.chtiraspycard.fr\/index.php?rest_route=%2Fwp%2Fv2%2Fproduct_cat&post=779"},{"taxonomy":"product_tag","embeddable":true,"href":"https:\/\/www.chtiraspycard.fr\/index.php?rest_route=%2Fwp%2Fv2%2Fproduct_tag&post=779"}],"curies":[{"name":"wp","href":"https:\/\/api.w.org\/{rel}","templated":true}]}}