{"id":68,"date":"2024-04-11T18:29:41","date_gmt":"2024-04-11T16:29:41","guid":{"rendered":"http:\/\/www.raspy.chtiraspycard.fr\/?post_type=product&#038;p=68"},"modified":"2026-04-17T08:21:54","modified_gmt":"2026-04-17T06:21:54","slug":"chtileds","status":"publish","type":"product","link":"https:\/\/www.chtiraspycard.fr\/?product=chtileds","title":{"rendered":"NOUVEAU Chtileds 227 LEDS vendu uniquement avec la Chtiraspycard"},"content":{"rendered":"<p>Attention, la Chtileds ne fait pas partie de la configuration standard. Un fichier de configuration des LED vous sera donc fourni, ou pourra \u00eatre int\u00e9gr\u00e9 manuellement dans la configuration de Raspydarts.<\/p>\n<div style=\"width: 1170px;\" class=\"wp-video\"><video class=\"wp-video-shortcode\" id=\"video-68-1\" width=\"1170\" height=\"658\" preload=\"metadata\" controls=\"controls\"><source type=\"video\/mp4\" src=\"https:\/\/www.chtiraspycard.fr\/wp-content\/uploads\/2024\/04\/VID_20260318_193554.mp4?_=1\" \/><a href=\"https:\/\/www.chtiraspycard.fr\/wp-content\/uploads\/2024\/04\/VID_20260318_193554.mp4\">https:\/\/www.chtiraspycard.fr\/wp-content\/uploads\/2024\/04\/VID_20260318_193554.mp4<\/a><\/video><\/div>\n<p>Cible 220 Leds et le Centre 7 leds<\/p>\n<div style=\"width: 1024px;\" class=\"wp-video\"><video class=\"wp-video-shortcode\" id=\"video-68-2\" width=\"1024\" height=\"576\" preload=\"metadata\" controls=\"controls\"><source type=\"video\/mp4\" src=\"https:\/\/www.chtiraspycard.fr\/wp-content\/uploads\/2024\/04\/ed5c3eb7-54ef-4e30-8100-eb297844d5a9-Copie.mp4?_=2\" \/><a href=\"https:\/\/www.chtiraspycard.fr\/wp-content\/uploads\/2024\/04\/ed5c3eb7-54ef-4e30-8100-eb297844d5a9-Copie.mp4\">https:\/\/www.chtiraspycard.fr\/wp-content\/uploads\/2024\/04\/ed5c3eb7-54ef-4e30-8100-eb297844d5a9-Copie.mp4<\/a><\/video><\/div>\n<p>La Chileds comporte 227 leds HQ soud\u00e9es \u00e0 la main pour \u00e9viter de faux contact.<\/p>\n<p>Elle doit \u00eatre soud\u00e9 soit par vos soin ou par moi m\u00eame, dans ce cas elle sera vendu avec la cible pour le transport plus sur .<\/p>\n<p>Pour le coup de main d&#8217;oeuvre me voir directement .<\/p>\n<p>Blanc ou noir selon arrivage<\/p>\n<h1>Donn\u00e9 de l&#8217;animation \u00e0 votre Darts .<\/h1>\n","protected":false},"excerpt":{"rendered":"<p>Attention, la Chtileds ne fait pas partie de la configuration standard. Un fichier de configuration des LED vous sera donc fourni, ou pourra \u00eatre int\u00e9gr\u00e9 manuellement dans la configuration de Raspydarts. Cible 220 Leds et le Centre 7 leds La Chileds comporte 227 leds HQ soud\u00e9es \u00e0 la main pour \u00e9viter de faux contact. Elle [&hellip;]<\/p>\n","protected":false},"featured_media":1181,"comment_status":"open","ping_status":"closed","template":"","meta":[],"product_cat":[22],"product_tag":[],"class_list":{"0":"post-68","1":"product","2":"type-product","3":"status-publish","4":"has-post-thumbnail","6":"product_cat-cible","8":"first","9":"outofstock","10":"shipping-taxable","11":"product-type-simple"},"_links":{"self":[{"href":"https:\/\/www.chtiraspycard.fr\/index.php?rest_route=\/wp\/v2\/product\/68","targetHints":{"allow":["GET"]}}],"collection":[{"href":"https:\/\/www.chtiraspycard.fr\/index.php?rest_route=\/wp\/v2\/product"}],"about":[{"href":"https:\/\/www.chtiraspycard.fr\/index.php?rest_route=\/wp\/v2\/types\/product"}],"replies":[{"embeddable":true,"href":"https:\/\/www.chtiraspycard.fr\/index.php?rest_route=%2Fwp%2Fv2%2Fcomments&post=68"}],"wp:featuredmedia":[{"embeddable":true,"href":"https:\/\/www.chtiraspycard.fr\/index.php?rest_route=\/wp\/v2\/media\/1181"}],"wp:attachment":[{"href":"https:\/\/www.chtiraspycard.fr\/index.php?rest_route=%2Fwp%2Fv2%2Fmedia&parent=68"}],"wp:term":[{"taxonomy":"product_cat","embeddable":true,"href":"https:\/\/www.chtiraspycard.fr\/index.php?rest_route=%2Fwp%2Fv2%2Fproduct_cat&post=68"},{"taxonomy":"product_tag","embeddable":true,"href":"https:\/\/www.chtiraspycard.fr\/index.php?rest_route=%2Fwp%2Fv2%2Fproduct_tag&post=68"}],"curies":[{"name":"wp","href":"https:\/\/api.w.org\/{rel}","templated":true}]}}