{"id":671,"date":"2024-10-23T12:36:20","date_gmt":"2024-10-23T10:36:20","guid":{"rendered":"https:\/\/www.chtiraspycard.fr\/?post_type=product&#038;p=671"},"modified":"2025-09-04T12:44:56","modified_gmt":"2025-09-04T10:44:56","slug":"nouveau-kit-boutons-pret-monte","status":"publish","type":"product","link":"https:\/\/www.chtiraspycard.fr\/?product=nouveau-kit-boutons-pret-monte","title":{"rendered":"Nouveau Kit Boutons pr\u00eat mont\u00e9 Devis sur demande"},"content":{"rendered":"<p data-start=\"130\" data-end=\"282\">Fort de mon exp\u00e9rience dans ce domaine, j\u2019ai constat\u00e9 que la majorit\u00e9 des probl\u00e8mes rencontr\u00e9s par les clients proviennent du <strong data-start=\"256\" data-end=\"279\">c\u00e2blage des boutons<\/strong>.<\/p>\n<p data-start=\"284\" data-end=\"416\">\ud83d\udc49 La carte <strong data-start=\"296\" data-end=\"313\">SD Raspydarts<\/strong> est d\u00e9j\u00e0 configur\u00e9e pour les boutons list\u00e9s ci-dessous : vous \u00eates donc vraiment en <strong data-start=\"398\" data-end=\"413\">plug &amp; play<\/strong>.<\/p>\n<p data-start=\"418\" data-end=\"606\">Il faut savoir que le c\u00e2blage est la partie la plus <strong data-start=\"470\" data-end=\"497\">d\u00e9licate et chronophage<\/strong> d\u2019un projet. Sa r\u00e9alisation demande un minimum de mat\u00e9riel si vous souhaitez un montage propre et fiable :<\/p>\n<ul data-start=\"608\" data-end=\"691\">\n<li data-start=\"608\" data-end=\"631\">\n<p data-start=\"610\" data-end=\"631\">station de soudage,<\/p>\n<\/li>\n<li data-start=\"632\" data-end=\"661\">\n<p data-start=\"634\" data-end=\"661\">gaine thermo-r\u00e9tractable,<\/p>\n<\/li>\n<li data-start=\"662\" data-end=\"673\">\n<p data-start=\"664\" data-end=\"673\">cosses,<\/p>\n<\/li>\n<li data-start=\"674\" data-end=\"691\">\n<p data-start=\"676\" data-end=\"691\">c\u00e2ble adapt\u00e9.<\/p>\n<\/li>\n<\/ul>\n<p data-start=\"693\" data-end=\"789\">C\u2019est pour cette raison que j\u2019ai souhait\u00e9 cr\u00e9er un produit innovant (du moins je l\u2019esp\u00e8re \ud83d\ude09).<\/p>\n<p data-start=\"791\" data-end=\"1012\">Avec ce kit, vous avez toutes les informations n\u00e9cessaires pour c\u00e2bler correctement votre <strong data-start=\"881\" data-end=\"899\">Ch\u2019tiRaspyCard<\/strong>.<br data-start=\"900\" data-end=\"903\" \/>R\u00e9sultat : plus de tracas de branchement, et surtout plus de risque de mettre votre Raspberry hors service.<\/p>\n<p data-start=\"1014\" data-end=\"1235\">\u2705 En choisissant cette option, votre <strong data-start=\"1051\" data-end=\"1063\">dartscab<\/strong> sera op\u00e9rationnel en un rien de temps : il ne vous restera plus qu\u2019\u00e0 mettre sous tension la <strong data-start=\"1156\" data-end=\"1169\">Ch\u2019tiCard<\/strong>, ainsi que vos <strong data-start=\"1185\" data-end=\"1212\">Ch\u2019tiLEDs 5V \u201cMini 30A\u201d<\/strong> (partie \u00e9lectrique).<\/p>\n<p>&nbsp;<\/p>\n<p><strong>\u00a0 8 boutons de couleur et lumineux\u00a0 5Vou 12V\u00a0 et un gros bouton Joueur Suivant.<\/strong><\/p>\n<p>&#8220;Cable AWG 24 silicone souple&#8221; &#8220;Gaine thermor\u00e9tractable&#8221; &#8220;Cosses serties et soud\u00e9&#8221;<\/p>\n<ul>\n<li>D = Droit = A3 sur bornier de la Chtiraspycard \u00e0 la suite<\/li>\n<li>G =Gauche =\u00a0 A2<\/li>\n<li>H = Haut = A0<\/li>\n<li>B = Bas = A1<\/li>\n<li>V= Valide = A6<\/li>\n<li>+ = Joueur Plus &amp; volume + = A4<\/li>\n<li>&#8211; = Joueur moins &amp; volume &#8211; = A5<\/li>\n<li>A = Annule = A7<\/li>\n<li>J = Joueur Suivant = BO<\/li>\n<li>Un devis sera fait pour choisir la longueur des c\u00e2bles pour connect\u00e9 au bornier de la Chtiraspycard<br \/>\n<img loading=\"lazy\" decoding=\"async\" class=\"size-full wp-image-683 alignleft\" src=\"https:\/\/www.chtiraspycard.fr\/wp-content\/uploads\/2024\/10\/multitoys-Photoroom-1.png\" alt=\"\" width=\"829\" height=\"394\" srcset=\"https:\/\/www.chtiraspycard.fr\/wp-content\/uploads\/2024\/10\/multitoys-Photoroom-1.png 829w, https:\/\/www.chtiraspycard.fr\/wp-content\/uploads\/2024\/10\/multitoys-Photoroom-1-300x143.png 300w, https:\/\/www.chtiraspycard.fr\/wp-content\/uploads\/2024\/10\/multitoys-Photoroom-1-768x365.png 768w, https:\/\/www.chtiraspycard.fr\/wp-content\/uploads\/2024\/10\/multitoys-Photoroom-1-600x285.png 600w\" sizes=\"auto, (max-width: 829px) 100vw, 829px\" \/><\/li>\n<\/ul>\n","protected":false},"excerpt":{"rendered":"<p>Fort de mon exp\u00e9rience dans ce domaine, j\u2019ai constat\u00e9 que la majorit\u00e9 des probl\u00e8mes rencontr\u00e9s par les clients proviennent du c\u00e2blage des boutons. \ud83d\udc49 La carte SD Raspydarts est d\u00e9j\u00e0 configur\u00e9e pour les boutons list\u00e9s ci-dessous : vous \u00eates donc vraiment en plug &amp; play. Il faut savoir que le c\u00e2blage est la partie la [&hellip;]<\/p>\n","protected":false},"featured_media":950,"comment_status":"open","ping_status":"closed","template":"","meta":[],"product_cat":[21],"product_tag":[],"class_list":{"0":"post-671","1":"product","2":"type-product","3":"status-publish","4":"has-post-thumbnail","6":"product_cat-toy","8":"first","9":"instock","10":"shipping-taxable","11":"purchasable","12":"product-type-simple"},"_links":{"self":[{"href":"https:\/\/www.chtiraspycard.fr\/index.php?rest_route=\/wp\/v2\/product\/671","targetHints":{"allow":["GET"]}}],"collection":[{"href":"https:\/\/www.chtiraspycard.fr\/index.php?rest_route=\/wp\/v2\/product"}],"about":[{"href":"https:\/\/www.chtiraspycard.fr\/index.php?rest_route=\/wp\/v2\/types\/product"}],"replies":[{"embeddable":true,"href":"https:\/\/www.chtiraspycard.fr\/index.php?rest_route=%2Fwp%2Fv2%2Fcomments&post=671"}],"wp:featuredmedia":[{"embeddable":true,"href":"https:\/\/www.chtiraspycard.fr\/index.php?rest_route=\/wp\/v2\/media\/950"}],"wp:attachment":[{"href":"https:\/\/www.chtiraspycard.fr\/index.php?rest_route=%2Fwp%2Fv2%2Fmedia&parent=671"}],"wp:term":[{"taxonomy":"product_cat","embeddable":true,"href":"https:\/\/www.chtiraspycard.fr\/index.php?rest_route=%2Fwp%2Fv2%2Fproduct_cat&post=671"},{"taxonomy":"product_tag","embeddable":true,"href":"https:\/\/www.chtiraspycard.fr\/index.php?rest_route=%2Fwp%2Fv2%2Fproduct_tag&post=671"}],"curies":[{"name":"wp","href":"https:\/\/api.w.org\/{rel}","templated":true}]}}