{"id":665,"date":"2024-10-24T07:38:42","date_gmt":"2024-10-24T05:38:42","guid":{"rendered":"https:\/\/www.chtiraspycard.fr\/?post_type=product&#038;p=665"},"modified":"2025-01-17T08:14:04","modified_gmt":"2025-01-17T07:14:04","slug":"rallonge-externe-usb-claviersouris-cle-usb","status":"publish","type":"product","link":"https:\/\/www.chtiraspycard.fr\/?product=rallonge-externe-usb-claviersouris-cle-usb","title":{"rendered":"Rallonge externe USB &#8220;clavier,souris cl\u00e9 Usb&#8221;"},"content":{"rendered":"<p>&nbsp;<\/p>\n<p><em><img loading=\"lazy\" decoding=\"async\" class=\"aligncenter wp-image-666\" src=\"https:\/\/www.chtiraspycard.fr\/wp-content\/uploads\/2024\/10\/USB1.jpg\" alt=\"\" width=\"307\" height=\"276\" srcset=\"https:\/\/www.chtiraspycard.fr\/wp-content\/uploads\/2024\/10\/USB1.jpg 591w, https:\/\/www.chtiraspycard.fr\/wp-content\/uploads\/2024\/10\/USB1-300x270.jpg 300w\" sizes=\"auto, (max-width: 307px) 100vw, 307px\" \/><\/em>Entr\u00e9e auxiliaire USB \u00e0 encastrer<br \/>\nMontage encastr\u00e9 USB 3.0 standard double femelle vers USB m\u00e2le<\/p>\n<p>Le c\u00e2ble prend en charge un courant jusqu&#8217;\u00e0 2 A<\/p>\n","protected":false},"excerpt":{"rendered":"<p>&nbsp; Entr\u00e9e auxiliaire USB \u00e0 encastrer Montage encastr\u00e9 USB 3.0 standard double femelle vers USB m\u00e2le Le c\u00e2ble prend en charge un courant jusqu&#8217;\u00e0 2 A<\/p>\n","protected":false},"featured_media":666,"comment_status":"open","ping_status":"closed","template":"","meta":[],"product_cat":[18],"product_tag":[],"class_list":{"0":"post-665","1":"product","2":"type-product","3":"status-publish","4":"has-post-thumbnail","6":"product_cat-cable","8":"first","9":"instock","10":"shipping-taxable","11":"purchasable","12":"product-type-simple"},"_links":{"self":[{"href":"https:\/\/www.chtiraspycard.fr\/index.php?rest_route=\/wp\/v2\/product\/665","targetHints":{"allow":["GET"]}}],"collection":[{"href":"https:\/\/www.chtiraspycard.fr\/index.php?rest_route=\/wp\/v2\/product"}],"about":[{"href":"https:\/\/www.chtiraspycard.fr\/index.php?rest_route=\/wp\/v2\/types\/product"}],"replies":[{"embeddable":true,"href":"https:\/\/www.chtiraspycard.fr\/index.php?rest_route=%2Fwp%2Fv2%2Fcomments&post=665"}],"wp:featuredmedia":[{"embeddable":true,"href":"https:\/\/www.chtiraspycard.fr\/index.php?rest_route=\/wp\/v2\/media\/666"}],"wp:attachment":[{"href":"https:\/\/www.chtiraspycard.fr\/index.php?rest_route=%2Fwp%2Fv2%2Fmedia&parent=665"}],"wp:term":[{"taxonomy":"product_cat","embeddable":true,"href":"https:\/\/www.chtiraspycard.fr\/index.php?rest_route=%2Fwp%2Fv2%2Fproduct_cat&post=665"},{"taxonomy":"product_tag","embeddable":true,"href":"https:\/\/www.chtiraspycard.fr\/index.php?rest_route=%2Fwp%2Fv2%2Fproduct_tag&post=665"}],"curies":[{"name":"wp","href":"https:\/\/api.w.org\/{rel}","templated":true}]}}