{"id":642,"date":"2024-10-19T11:13:41","date_gmt":"2024-10-19T09:13:41","guid":{"rendered":"https:\/\/www.chtiraspycard.fr\/?post_type=product&#038;p=642"},"modified":"2024-12-10T10:35:30","modified_gmt":"2024-12-10T09:35:30","slug":"raspberry-pi-4-modele-b-version-1gb-2","status":"publish","type":"product","link":"https:\/\/www.chtiraspycard.fr\/?product=raspberry-pi-4-modele-b-version-1gb-2","title":{"rendered":"Raspberry Pi 4 mod\u00e8le B &#8211; Version 1Gb"},"content":{"rendered":"<h1>Le Raspberry\u00a0 n&#8217;ai pas vendu seul, soit avec un Kit DMD ou la Chtiraspycard<\/h1>\n<p>Le Raspberry Pi 4 est aliment\u00e9 par un\u00a0<strong>processeur tr\u00e8s performant<\/strong>\u00a0quad-core 64 bits ARM Cortex-A72 cadenc\u00e9 \u00e0 1,5 GHz, il offre des\u00a0<strong>performances nettement am\u00e9lior\u00e9es<\/strong>\u00a0par rapport \u00e0 ses pr\u00e9d\u00e9cesseurs. Ce mini-ordinateur est disponible en<strong>\u00a0plusieurs versions de RAM\u00a0<\/strong>allant de 1 Go \u00e0 8 Go ce qui lui garantit une\u00a0<strong>gestion efficace<\/strong>\u00a0pour des applications demandant des ressources cons\u00e9quentes.<\/p>\n<p>Au niveau de la connectivit\u00e9, le Raspberry Pi 4 est \u00e9quip\u00e9 de\u00a0<strong>2x ports USB 3.0<\/strong>,\u00a0<strong>2x ports USB 2.0<\/strong>,<strong>\u00a01x port Ethernet Gigabit<\/strong>, et\u00a0<strong>1x port HDMI<\/strong>\u00a0double sortie prenant en charge des \u00e9crans\u00a0<strong>jusqu&#8217;\u00e0 4K<\/strong>. Le<strong>\u00a0Wifi 802.11ac et le Bluetooth 5.0<\/strong>\u00a0assure une connectivit\u00e9 sans fil.<\/p>\n","protected":false},"excerpt":{"rendered":"<p>Le Raspberry\u00a0 n&#8217;ai pas vendu seul, soit avec un Kit DMD ou la Chtiraspycard Le Raspberry Pi 4 est aliment\u00e9 par un\u00a0processeur tr\u00e8s performant\u00a0quad-core 64 bits ARM Cortex-A72 cadenc\u00e9 \u00e0 1,5 GHz, il offre des\u00a0performances nettement am\u00e9lior\u00e9es\u00a0par rapport \u00e0 ses pr\u00e9d\u00e9cesseurs. Ce mini-ordinateur est disponible en\u00a0plusieurs versions de RAM\u00a0allant de 1 Go \u00e0 8 Go [&hellip;]<\/p>\n","protected":false},"featured_media":270,"comment_status":"open","ping_status":"closed","template":"","meta":[],"product_cat":[19],"product_tag":[],"class_list":{"0":"post-642","1":"product","2":"type-product","3":"status-publish","4":"has-post-thumbnail","6":"product_cat-rpi","8":"first","9":"instock","10":"shipping-taxable","11":"purchasable","12":"product-type-simple"},"_links":{"self":[{"href":"https:\/\/www.chtiraspycard.fr\/index.php?rest_route=\/wp\/v2\/product\/642","targetHints":{"allow":["GET"]}}],"collection":[{"href":"https:\/\/www.chtiraspycard.fr\/index.php?rest_route=\/wp\/v2\/product"}],"about":[{"href":"https:\/\/www.chtiraspycard.fr\/index.php?rest_route=\/wp\/v2\/types\/product"}],"replies":[{"embeddable":true,"href":"https:\/\/www.chtiraspycard.fr\/index.php?rest_route=%2Fwp%2Fv2%2Fcomments&post=642"}],"wp:featuredmedia":[{"embeddable":true,"href":"https:\/\/www.chtiraspycard.fr\/index.php?rest_route=\/wp\/v2\/media\/270"}],"wp:attachment":[{"href":"https:\/\/www.chtiraspycard.fr\/index.php?rest_route=%2Fwp%2Fv2%2Fmedia&parent=642"}],"wp:term":[{"taxonomy":"product_cat","embeddable":true,"href":"https:\/\/www.chtiraspycard.fr\/index.php?rest_route=%2Fwp%2Fv2%2Fproduct_cat&post=642"},{"taxonomy":"product_tag","embeddable":true,"href":"https:\/\/www.chtiraspycard.fr\/index.php?rest_route=%2Fwp%2Fv2%2Fproduct_tag&post=642"}],"curies":[{"name":"wp","href":"https:\/\/api.w.org\/{rel}","templated":true}]}}