{"id":632,"date":"2024-10-19T09:31:02","date_gmt":"2024-10-19T07:31:02","guid":{"rendered":"https:\/\/www.chtiraspycard.fr\/?post_type=product&#038;p=632"},"modified":"2025-01-19T18:40:30","modified_gmt":"2025-01-19T17:40:30","slug":"rallonge-micro-sd-tf","status":"publish","type":"product","link":"https:\/\/www.chtiraspycard.fr\/?product=rallonge-micro-sd-tf","title":{"rendered":"Rallonge Micro SD &#8220;TF&#8221;"},"content":{"rendered":"<p><img loading=\"lazy\" decoding=\"async\" class=\"aligncenter size-full wp-image-633\" src=\"https:\/\/www.chtiraspycard.fr\/wp-content\/uploads\/2024\/10\/Microsdtf.jpg\" alt=\"\" width=\"462\" height=\"351\" srcset=\"https:\/\/www.chtiraspycard.fr\/wp-content\/uploads\/2024\/10\/Microsdtf.jpg 462w, https:\/\/www.chtiraspycard.fr\/wp-content\/uploads\/2024\/10\/Microsdtf-300x228.jpg 300w\" sizes=\"auto, (max-width: 462px) 100vw, 462px\" \/><\/p>\n","protected":false},"excerpt":{"rendered":"<p>Caract\u00e9ristiques :<br \/>\nCompatible avec GPS, DVD, DVR, \u00e9cran LED\/LCD, smartphone, etc.<br \/>\nLongueur du c\u00e2ble : 48 cm. Vous pouvez \u00e9tendre la fente pour carte hors du bureau d&#8217;ordinateur ou de la navigation de voiture jusqu&#8217;\u00e0 l&#8217;endroit o\u00f9 vous le souhaitez. Facile \u00e0 utiliser.<br \/>\nPrend en charge toutes les tailles de cartes Micro SD\/SDHC de 2 Go, 8 Go, 16 Go, 32 Go, 64 Go , vitesse de transfert plus \u00e9lev\u00e9e.<br \/>\nTransf\u00e9rez rapidement les donn\u00e9es pour la prise de carte de n&#8217;importe quelle machine, la vitesse de lecture et d&#8217;\u00e9criture n&#8217;affectera pas ou ne perdra aucune information.<\/p>\n","protected":false},"featured_media":633,"comment_status":"open","ping_status":"closed","template":"","meta":[],"product_cat":[19],"product_tag":[],"class_list":{"0":"post-632","1":"product","2":"type-product","3":"status-publish","4":"has-post-thumbnail","6":"product_cat-rpi","8":"first","9":"instock","10":"shipping-taxable","11":"purchasable","12":"product-type-simple"},"_links":{"self":[{"href":"https:\/\/www.chtiraspycard.fr\/index.php?rest_route=\/wp\/v2\/product\/632","targetHints":{"allow":["GET"]}}],"collection":[{"href":"https:\/\/www.chtiraspycard.fr\/index.php?rest_route=\/wp\/v2\/product"}],"about":[{"href":"https:\/\/www.chtiraspycard.fr\/index.php?rest_route=\/wp\/v2\/types\/product"}],"replies":[{"embeddable":true,"href":"https:\/\/www.chtiraspycard.fr\/index.php?rest_route=%2Fwp%2Fv2%2Fcomments&post=632"}],"wp:featuredmedia":[{"embeddable":true,"href":"https:\/\/www.chtiraspycard.fr\/index.php?rest_route=\/wp\/v2\/media\/633"}],"wp:attachment":[{"href":"https:\/\/www.chtiraspycard.fr\/index.php?rest_route=%2Fwp%2Fv2%2Fmedia&parent=632"}],"wp:term":[{"taxonomy":"product_cat","embeddable":true,"href":"https:\/\/www.chtiraspycard.fr\/index.php?rest_route=%2Fwp%2Fv2%2Fproduct_cat&post=632"},{"taxonomy":"product_tag","embeddable":true,"href":"https:\/\/www.chtiraspycard.fr\/index.php?rest_route=%2Fwp%2Fv2%2Fproduct_tag&post=632"}],"curies":[{"name":"wp","href":"https:\/\/api.w.org\/{rel}","templated":true}]}}