{"id":560,"date":"2024-10-17T11:43:18","date_gmt":"2024-10-17T09:43:18","guid":{"rendered":"https:\/\/www.chtiraspycard.fr\/?post_type=product&#038;p=560"},"modified":"2025-11-18T12:26:59","modified_gmt":"2025-11-18T11:26:59","slug":"alimentation-12-volts-8-5-a","status":"publish","type":"product","link":"https:\/\/www.chtiraspycard.fr\/?product=alimentation-12-volts-8-5-a","title":{"rendered":"Alimentation 12 Volts 10 A"},"content":{"rendered":"<h2 data-start=\"68\" data-end=\"98\">\ud83d\udd0c Alimentation 12 V \/ 10 A<\/h2>\n<p data-start=\"100\" data-end=\"234\">L\u2019alimentation 12 V \/ 10 A est le <strong data-start=\"134\" data-end=\"153\">c\u0153ur \u00e9lectrique<\/strong> de votre borne RaspyDarts.<br data-start=\"180\" data-end=\"183\" \/>Elle est utilis\u00e9e pour deux fonctions principales :<\/p>\n<h3 data-start=\"236\" data-end=\"280\">\ud83c\udfa7 1. Alimenter l\u2019ampli audio 2 x 20 W<\/h3>\n<p data-start=\"281\" data-end=\"446\">Elle fournit une tension stable de 12 V pour un <strong data-start=\"329\" data-end=\"368\">amplificateur audio st\u00e9r\u00e9o 2 x 20 W<\/strong> (mod\u00e8le conseill\u00e9 : <strong data-start=\"389\" data-end=\"403\">Chti-Ampli<\/strong> disponible sur le site).<br data-start=\"428\" data-end=\"431\" \/>Cela garantit :<\/p>\n<ul data-start=\"447\" data-end=\"560\">\n<li data-start=\"447\" data-end=\"476\">\n<p data-start=\"449\" data-end=\"476\">une puissance suffisante,<\/p>\n<\/li>\n<li data-start=\"477\" data-end=\"508\">\n<p data-start=\"479\" data-end=\"508\">un son propre et dynamique,<\/p>\n<\/li>\n<li data-start=\"509\" data-end=\"560\">\n<p data-start=\"511\" data-end=\"560\">une bonne r\u00e9serve de courant pour les pics audio.<\/p>\n<\/li>\n<\/ul>\n<h3 data-start=\"562\" data-end=\"610\">\ud83d\udca1 2. Alimenter les effets lumineux \u201cToys\u201d<\/h3>\n<p data-start=\"611\" data-end=\"721\">Cette alimentation sert \u00e9galement \u00e0 alimenter les \u00e9l\u00e9ments 12 V \u201cToys\u201d utilis\u00e9s dans RaspyDarts, par exemple :<\/p>\n<ul data-start=\"722\" data-end=\"876\">\n<li data-start=\"722\" data-end=\"774\">\n<p data-start=\"724\" data-end=\"774\">les <strong data-start=\"728\" data-end=\"748\">LEDs des boutons<\/strong> (toys dans RaspyDarts),<\/p>\n<\/li>\n<li data-start=\"775\" data-end=\"807\">\n<p data-start=\"777\" data-end=\"807\">un <strong data-start=\"780\" data-end=\"794\">laser 12 V<\/strong> d\u00e9coratif,<\/p>\n<\/li>\n<li data-start=\"808\" data-end=\"876\">\n<p data-start=\"810\" data-end=\"876\">un <strong data-start=\"813\" data-end=\"851\">girophare 12 V de faible puissance<\/strong> pour les effets visuels.<\/p>\n<\/li>\n<\/ul>\n<p data-start=\"878\" data-end=\"1021\">Le tout est dimensionn\u00e9 pour <strong data-start=\"907\" data-end=\"941\">rester dans la limite des 10 A<\/strong>, afin de respecter l\u2019amp\u00e9rage et garantir une installation fiable et s\u00e9curis\u00e9e<\/p>\n<p><img loading=\"lazy\" decoding=\"async\" class=\"aligncenter size-full wp-image-656\" src=\"https:\/\/www.chtiraspycard.fr\/wp-content\/uploads\/2024\/10\/alim-12v.jpg\" alt=\"\" width=\"312\" height=\"342\" srcset=\"https:\/\/www.chtiraspycard.fr\/wp-content\/uploads\/2024\/10\/alim-12v.jpg 312w, https:\/\/www.chtiraspycard.fr\/wp-content\/uploads\/2024\/10\/alim-12v-274x300.jpg 274w\" sizes=\"auto, (max-width: 312px) 100vw, 312px\" \/>A<\/p>\n<p>&nbsp;<\/p>\n","protected":false},"excerpt":{"rendered":"<p>\ud83d\udd0c Alimentation 12 V \/ 10 A L\u2019alimentation 12 V \/ 10 A est le c\u0153ur \u00e9lectrique de votre borne RaspyDarts.Elle est utilis\u00e9e pour deux fonctions principales : \ud83c\udfa7 1. Alimenter l\u2019ampli audio 2 x 20 W Elle fournit une tension stable de 12 V pour un amplificateur audio st\u00e9r\u00e9o 2 x 20 W (mod\u00e8le [&hellip;]<\/p>\n","protected":false},"featured_media":656,"comment_status":"open","ping_status":"closed","template":"","meta":[],"product_cat":[17],"product_tag":[],"class_list":{"0":"post-560","1":"product","2":"type-product","3":"status-publish","4":"has-post-thumbnail","6":"product_cat-son","8":"first","9":"instock","10":"shipping-taxable","11":"purchasable","12":"product-type-simple"},"_links":{"self":[{"href":"https:\/\/www.chtiraspycard.fr\/index.php?rest_route=\/wp\/v2\/product\/560","targetHints":{"allow":["GET"]}}],"collection":[{"href":"https:\/\/www.chtiraspycard.fr\/index.php?rest_route=\/wp\/v2\/product"}],"about":[{"href":"https:\/\/www.chtiraspycard.fr\/index.php?rest_route=\/wp\/v2\/types\/product"}],"replies":[{"embeddable":true,"href":"https:\/\/www.chtiraspycard.fr\/index.php?rest_route=%2Fwp%2Fv2%2Fcomments&post=560"}],"wp:featuredmedia":[{"embeddable":true,"href":"https:\/\/www.chtiraspycard.fr\/index.php?rest_route=\/wp\/v2\/media\/656"}],"wp:attachment":[{"href":"https:\/\/www.chtiraspycard.fr\/index.php?rest_route=%2Fwp%2Fv2%2Fmedia&parent=560"}],"wp:term":[{"taxonomy":"product_cat","embeddable":true,"href":"https:\/\/www.chtiraspycard.fr\/index.php?rest_route=%2Fwp%2Fv2%2Fproduct_cat&post=560"},{"taxonomy":"product_tag","embeddable":true,"href":"https:\/\/www.chtiraspycard.fr\/index.php?rest_route=%2Fwp%2Fv2%2Fproduct_tag&post=560"}],"curies":[{"name":"wp","href":"https:\/\/api.w.org\/{rel}","templated":true}]}}