{"id":43,"date":"2024-04-11T15:41:11","date_gmt":"2024-04-11T13:41:11","guid":{"rendered":"http:\/\/www.raspy.chtiraspycard.fr\/?post_type=product&#038;p=43"},"modified":"2025-11-18T20:23:44","modified_gmt":"2025-11-18T19:23:44","slug":"chtiraspycard-v2","status":"publish","type":"product","link":"https:\/\/www.chtiraspycard.fr\/?product=chtiraspycard-v2","title":{"rendered":"Chtiraspycard V2 + Nappe"},"content":{"rendered":"<h1>\u26a1 CH\u2019TIRaspyCard V2<\/h1>\n<p>Carte universelle Raspberry Pi \u2013 sp\u00e9ciale RaspyDarts<\/p>\n<h2>Alimentation<\/h2>\n<ul>\n<li>2 entr\u00e9es : 5 V et 12 V<\/li>\n<li>Sortie 5 V prot\u00e9g\u00e9e (fusible + diode) pour le Raspberry<\/li>\n<\/ul>\n<h2>Entr\u00e9es<\/h2>\n<ul>\n<li>9 entr\u00e9es Boutons \u201cToys\u201d (A7 \u2192 B0)<\/li>\n<li>GND commun pour relier facilement tous les boutons<\/li>\n<\/ul>\n<h2>Contr\u00f4le<\/h2>\n<ul>\n<li>10 LEDs de signalisation (dont 9 pour les sorties)<\/li>\n<li>Contr\u00f4le visuel direct de l\u2019\u00e9tat des sorties et de la tension<\/li>\n<\/ul>\n<h2>Sorties MOSDARTS (12 V)<\/h2>\n<ul>\n<li>Configuration flexible :<\/li>\n<li>&#8211; 6 sorties 1 A<\/li>\n<li>&#8211; ou 4 sorties 1 A + 3 sorties 10 A<\/li>\n<li>Tension r\u00e9glable de 1 V \u00e0 24 V (borniers bleus, c\u00f4t\u00e9 droit)<\/li>\n<li>S\u00e9lection via cavaliers bleus (B1 \u2192 B7)<\/li>\n<\/ul>\n<h2>Extension Raspberry<\/h2>\n<ul>\n<li>Acc\u00e8s \u00e0 toutes les GPIO restantes du Raspberry<\/li>\n<li>Int\u00e9gration du MCP pour une compatibilit\u00e9 \u00e9largie<\/li>\n<\/ul>\n<h2>Options<\/h2>\n<ul>\n<li>Module TOYS \u201cJoueur suivant\u201d sans fil : change de joueur d\u2019un clic<\/li>\n<li>Nappe IDE renforc\u00e9e pour une connexion fiable<\/li>\n<\/ul>\n<h2>La Ch\u2019ti Card (incluse en \u00e9volution)<\/h2>\n<ul>\n<li>1 entr\u00e9e 5 V pour alimenter jusqu\u2019\u00e0 3 p\u00e9riph\u00e9riques (ex. RaspyLeds, strips LEDs, etc.)<\/li>\n<li>3 GPIO d\u00e9di\u00e9es : G12, G21, G10<\/li>\n<li>LEDs de contr\u00f4le de tension<\/li>\n<\/ul>\n<h2>Conception artisanale<\/h2>\n<ul>\n<li>100 % soud\u00e9e \u00e0 la main<\/li>\n<li>Concept bas\u00e9 sur la carte de Jimmy, avec de nombreuses am\u00e9liorations<\/li>\n<li>Pens\u00e9e pour la fiabilit\u00e9, la simplicit\u00e9 et l\u2019\u00e9volutivit\u00e9<\/li>\n<\/ul>\n<h2>Conclusion<\/h2>\n<p>\ud83d\udc49 La CH\u2019TIRaspyCard V2 est aujourd\u2019hui la carte la plus compl\u00e8te et pratique pour vos projets Raspberry Pi &amp; Darts \u00e9lectroniques.<\/p>\n<p>&nbsp;<\/p>\n<p><img loading=\"lazy\" decoding=\"async\" class=\"aligncenter wp-image-999 \" src=\"https:\/\/www.chtiraspycard.fr\/wp-content\/uploads\/2024\/04\/482297993_556759380041926_3038629512442255694_n-Photoroom.png\" alt=\"\" width=\"801\" height=\"601\" srcset=\"https:\/\/www.chtiraspycard.fr\/wp-content\/uploads\/2024\/04\/482297993_556759380041926_3038629512442255694_n-Photoroom.png 1280w, https:\/\/www.chtiraspycard.fr\/wp-content\/uploads\/2024\/04\/482297993_556759380041926_3038629512442255694_n-Photoroom-300x225.png 300w, https:\/\/www.chtiraspycard.fr\/wp-content\/uploads\/2024\/04\/482297993_556759380041926_3038629512442255694_n-Photoroom-1024x768.png 1024w, https:\/\/www.chtiraspycard.fr\/wp-content\/uploads\/2024\/04\/482297993_556759380041926_3038629512442255694_n-Photoroom-768x576.png 768w, https:\/\/www.chtiraspycard.fr\/wp-content\/uploads\/2024\/04\/482297993_556759380041926_3038629512442255694_n-Photoroom-600x450.png 600w\" sizes=\"auto, (max-width: 801px) 100vw, 801px\" \/><\/p>\n","protected":false},"excerpt":{"rendered":"<p>Votre Chticard peut etre faite sur mesure pouvant aller jusque 12 sorties.<img loading=\"lazy\" decoding=\"async\" class=\"alignnone size-medium wp-image-492\" src=\"http:\/\/www.raspy.chtiraspycard.fr\/wp-content\/uploads\/2024\/04\/chticard-v2-1-300x243.jpg\" alt=\"\" width=\"300\" height=\"243\" srcset=\"https:\/\/www.chtiraspycard.fr\/wp-content\/uploads\/2024\/04\/chticard-v2-1-300x243.jpg 300w, https:\/\/www.chtiraspycard.fr\/wp-content\/uploads\/2024\/04\/chticard-v2-1-768x623.jpg 768w, https:\/\/www.chtiraspycard.fr\/wp-content\/uploads\/2024\/04\/chticard-v2-1-600x487.jpg 600w, https:\/\/www.chtiraspycard.fr\/wp-content\/uploads\/2024\/04\/chticard-v2-1.jpg 997w\" sizes=\"auto, (max-width: 300px) 100vw, 300px\" \/><\/p>\n<p>Sont petit plus elle pourra alimenter votre Chtileds ,vos strips leds , et aussi votre missdarts.<\/p>\n<p>3 Sorties GPIOS 21 pour la Chtileds ,le 12 pour les Strips leds ,et le 10 pour le Missdarts &#8220;nouveaut\u00e9e&#8221;<\/p>\n<p>Missdarts veux dire quand t&#8217;une fl\u00e9che est rat\u00e9e elle est valid\u00e9 par le Raspydarts comme nul<\/p>\n","protected":false},"featured_media":1112,"comment_status":"open","ping_status":"closed","template":"","meta":[],"product_cat":[19],"product_tag":[],"class_list":{"0":"post-43","1":"product","2":"type-product","3":"status-publish","4":"has-post-thumbnail","6":"product_cat-rpi","8":"first","9":"instock","10":"shipping-taxable","11":"purchasable","12":"product-type-simple"},"_links":{"self":[{"href":"https:\/\/www.chtiraspycard.fr\/index.php?rest_route=\/wp\/v2\/product\/43","targetHints":{"allow":["GET"]}}],"collection":[{"href":"https:\/\/www.chtiraspycard.fr\/index.php?rest_route=\/wp\/v2\/product"}],"about":[{"href":"https:\/\/www.chtiraspycard.fr\/index.php?rest_route=\/wp\/v2\/types\/product"}],"replies":[{"embeddable":true,"href":"https:\/\/www.chtiraspycard.fr\/index.php?rest_route=%2Fwp%2Fv2%2Fcomments&post=43"}],"wp:featuredmedia":[{"embeddable":true,"href":"https:\/\/www.chtiraspycard.fr\/index.php?rest_route=\/wp\/v2\/media\/1112"}],"wp:attachment":[{"href":"https:\/\/www.chtiraspycard.fr\/index.php?rest_route=%2Fwp%2Fv2%2Fmedia&parent=43"}],"wp:term":[{"taxonomy":"product_cat","embeddable":true,"href":"https:\/\/www.chtiraspycard.fr\/index.php?rest_route=%2Fwp%2Fv2%2Fproduct_cat&post=43"},{"taxonomy":"product_tag","embeddable":true,"href":"https:\/\/www.chtiraspycard.fr\/index.php?rest_route=%2Fwp%2Fv2%2Fproduct_tag&post=43"}],"curies":[{"name":"wp","href":"https:\/\/api.w.org\/{rel}","templated":true}]}}