{"id":319,"date":"2024-04-18T11:29:41","date_gmt":"2024-04-18T09:29:41","guid":{"rendered":"http:\/\/www.raspy.chtiraspycard.fr\/?post_type=product&#038;p=319"},"modified":"2025-02-27T21:13:47","modified_gmt":"2025-02-27T20:13:47","slug":"occasions-darts","status":"publish","type":"product","link":"https:\/\/www.chtiraspycard.fr\/?product=occasions-darts","title":{"rendered":"Occasions Darts"},"content":{"rendered":"<p class=\"x_MsoNormal\"><span data-olk-copy-source=\"MessageBody\">Cette photo est un exemple de borne d&#8217;occasion susceptible d&#8217;\u00eatre disponible.<\/span><\/p>\n<p class=\"x_MsoNormal\">Les Bornes sont g\u00e9n\u00e9ralement en panne\u00a0; elles demandent \u00e0 \u00eatre restaur\u00e9es et r\u00e9vis\u00e9es. La plupart du temps, ce sont les matrices qui sont Hs.<\/p>\n<p class=\"x_MsoNormal\">Une borne disponible \u00e0 la vente = prix indiqu\u00e9.<\/p>\n<p class=\"x_MsoNormal\">Une fois la restauration termin\u00e9e, la borne est fonctionnelle\u00a0: il ne reste plus qu&#8217;\u00e0 jouer et vous amuser.<\/p>\n<p class=\"x_MsoNormal\"><span data-olk-copy-source=\"MessageBody\"><img loading=\"lazy\" decoding=\"async\" class=\" wp-image-658 aligncenter\" src=\"https:\/\/www.chtiraspycard.fr\/wp-content\/uploads\/2024\/04\/IMG_20240930_161153-Photoroom.png\" alt=\"\" width=\"523\" height=\"697\" srcset=\"https:\/\/www.chtiraspycard.fr\/wp-content\/uploads\/2024\/04\/IMG_20240930_161153-Photoroom.png 960w, https:\/\/www.chtiraspycard.fr\/wp-content\/uploads\/2024\/04\/IMG_20240930_161153-Photoroom-225x300.png 225w, https:\/\/www.chtiraspycard.fr\/wp-content\/uploads\/2024\/04\/IMG_20240930_161153-Photoroom-768x1024.png 768w, https:\/\/www.chtiraspycard.fr\/wp-content\/uploads\/2024\/04\/IMG_20240930_161153-Photoroom-600x800.png 600w\" sizes=\"auto, (max-width: 523px) 100vw, 523px\" \/><img loading=\"lazy\" decoding=\"async\" class=\"aligncenter  wp-image-659\" src=\"https:\/\/www.chtiraspycard.fr\/wp-content\/uploads\/2024\/04\/IMG_20241011_133111-Photoroom.png\" alt=\"\" width=\"560\" height=\"746\" srcset=\"https:\/\/www.chtiraspycard.fr\/wp-content\/uploads\/2024\/04\/IMG_20241011_133111-Photoroom.png 960w, https:\/\/www.chtiraspycard.fr\/wp-content\/uploads\/2024\/04\/IMG_20241011_133111-Photoroom-225x300.png 225w, https:\/\/www.chtiraspycard.fr\/wp-content\/uploads\/2024\/04\/IMG_20241011_133111-Photoroom-768x1024.png 768w, https:\/\/www.chtiraspycard.fr\/wp-content\/uploads\/2024\/04\/IMG_20241011_133111-Photoroom-600x800.png 600w\" sizes=\"auto, (max-width: 560px) 100vw, 560px\" \/><img loading=\"lazy\" decoding=\"async\" class=\"aligncenter  wp-image-660\" src=\"https:\/\/www.chtiraspycard.fr\/wp-content\/uploads\/2024\/04\/IMG_20241011_133024-Photoroom.png\" alt=\"\" width=\"560\" height=\"747\" srcset=\"https:\/\/www.chtiraspycard.fr\/wp-content\/uploads\/2024\/04\/IMG_20241011_133024-Photoroom.png 960w, https:\/\/www.chtiraspycard.fr\/wp-content\/uploads\/2024\/04\/IMG_20241011_133024-Photoroom-225x300.png 225w, https:\/\/www.chtiraspycard.fr\/wp-content\/uploads\/2024\/04\/IMG_20241011_133024-Photoroom-768x1024.png 768w, https:\/\/www.chtiraspycard.fr\/wp-content\/uploads\/2024\/04\/IMG_20241011_133024-Photoroom-600x800.png 600w\" sizes=\"auto, (max-width: 560px) 100vw, 560px\" \/><\/span><\/p>\n<p>&nbsp;<\/p>\n","protected":false},"excerpt":{"rendered":"<p>Cette photo est un exemple de borne d&#8217;occasion susceptible d&#8217;\u00eatre disponible. Les Bornes sont g\u00e9n\u00e9ralement en panne\u00a0; elles demandent \u00e0 \u00eatre restaur\u00e9es et r\u00e9vis\u00e9es. La plupart du temps, ce sont les matrices qui sont Hs. Une borne disponible \u00e0 la vente = prix indiqu\u00e9. Une fois la restauration termin\u00e9e, la borne est fonctionnelle\u00a0: il ne [&hellip;]<\/p>\n","protected":false},"featured_media":320,"comment_status":"open","ping_status":"closed","template":"","meta":[],"product_cat":[15],"product_tag":[],"class_list":{"0":"post-319","1":"product","2":"type-product","3":"status-publish","4":"has-post-thumbnail","6":"product_cat-non-classe","8":"first","9":"instock","10":"shipping-taxable","11":"product-type-simple"},"_links":{"self":[{"href":"https:\/\/www.chtiraspycard.fr\/index.php?rest_route=\/wp\/v2\/product\/319","targetHints":{"allow":["GET"]}}],"collection":[{"href":"https:\/\/www.chtiraspycard.fr\/index.php?rest_route=\/wp\/v2\/product"}],"about":[{"href":"https:\/\/www.chtiraspycard.fr\/index.php?rest_route=\/wp\/v2\/types\/product"}],"replies":[{"embeddable":true,"href":"https:\/\/www.chtiraspycard.fr\/index.php?rest_route=%2Fwp%2Fv2%2Fcomments&post=319"}],"wp:featuredmedia":[{"embeddable":true,"href":"https:\/\/www.chtiraspycard.fr\/index.php?rest_route=\/wp\/v2\/media\/320"}],"wp:attachment":[{"href":"https:\/\/www.chtiraspycard.fr\/index.php?rest_route=%2Fwp%2Fv2%2Fmedia&parent=319"}],"wp:term":[{"taxonomy":"product_cat","embeddable":true,"href":"https:\/\/www.chtiraspycard.fr\/index.php?rest_route=%2Fwp%2Fv2%2Fproduct_cat&post=319"},{"taxonomy":"product_tag","embeddable":true,"href":"https:\/\/www.chtiraspycard.fr\/index.php?rest_route=%2Fwp%2Fv2%2Fproduct_tag&post=319"}],"curies":[{"name":"wp","href":"https:\/\/api.w.org\/{rel}","templated":true}]}}