{"id":276,"date":"2024-04-17T11:42:32","date_gmt":"2024-04-17T09:42:32","guid":{"rendered":"http:\/\/www.raspy.chtiraspycard.fr\/?post_type=product&#038;p=276"},"modified":"2025-05-05T09:45:20","modified_gmt":"2025-05-05T07:45:20","slug":"carte-micro-sd-64-go-configure-raspydarts","status":"publish","type":"product","link":"https:\/\/www.chtiraspycard.fr\/?product=carte-micro-sd-64-go-configure-raspydarts","title":{"rendered":"Carte micro SD 64 GO configur\u00e9 Raspydarts ou DMD"},"content":{"rendered":"<p>Carte 64 go le model peux\u00a0 chang\u00e9 selon arrivage mais ne change en rien \u00e0 sont fonctionnement .<\/p>\n<p>Gagn\u00e9 du temps ,\u00eatre sur de la bonne configuration de votre\u00a0 Chtiraspycard ou la Chtidarts avec aussi\u00a0 \u00a0les mises \u00e0 jours faites.<\/p>\n<p>il ne vous restera juste \u00e0 installer votre Wifi de votre box pour profit\u00e9 de votre Raspydarts ou DMD.<\/p>\n","protected":false},"excerpt":{"rendered":"<p>Carte 64 go le model peux\u00a0 chang\u00e9 selon arrivage mais ne change en rien \u00e0 sont fonctionnement . Gagn\u00e9 du temps ,\u00eatre sur de la bonne configuration de votre\u00a0 Chtiraspycard ou la Chtidarts avec aussi\u00a0 \u00a0les mises \u00e0 jours faites. il ne vous restera juste \u00e0 installer votre Wifi de votre box pour profit\u00e9 de [&hellip;]<\/p>\n","protected":false},"featured_media":949,"comment_status":"open","ping_status":"closed","template":"","meta":[],"product_cat":[19],"product_tag":[],"class_list":{"0":"post-276","1":"product","2":"type-product","3":"status-publish","4":"has-post-thumbnail","6":"product_cat-rpi","8":"first","9":"instock","10":"shipping-taxable","11":"purchasable","12":"product-type-simple"},"_links":{"self":[{"href":"https:\/\/www.chtiraspycard.fr\/index.php?rest_route=\/wp\/v2\/product\/276","targetHints":{"allow":["GET"]}}],"collection":[{"href":"https:\/\/www.chtiraspycard.fr\/index.php?rest_route=\/wp\/v2\/product"}],"about":[{"href":"https:\/\/www.chtiraspycard.fr\/index.php?rest_route=\/wp\/v2\/types\/product"}],"replies":[{"embeddable":true,"href":"https:\/\/www.chtiraspycard.fr\/index.php?rest_route=%2Fwp%2Fv2%2Fcomments&post=276"}],"wp:featuredmedia":[{"embeddable":true,"href":"https:\/\/www.chtiraspycard.fr\/index.php?rest_route=\/wp\/v2\/media\/949"}],"wp:attachment":[{"href":"https:\/\/www.chtiraspycard.fr\/index.php?rest_route=%2Fwp%2Fv2%2Fmedia&parent=276"}],"wp:term":[{"taxonomy":"product_cat","embeddable":true,"href":"https:\/\/www.chtiraspycard.fr\/index.php?rest_route=%2Fwp%2Fv2%2Fproduct_cat&post=276"},{"taxonomy":"product_tag","embeddable":true,"href":"https:\/\/www.chtiraspycard.fr\/index.php?rest_route=%2Fwp%2Fv2%2Fproduct_tag&post=276"}],"curies":[{"name":"wp","href":"https:\/\/api.w.org\/{rel}","templated":true}]}}