{"id":265,"date":"2024-04-17T10:45:28","date_gmt":"2024-04-17T08:45:28","guid":{"rendered":"http:\/\/www.raspy.chtiraspycard.fr\/?post_type=product&#038;p=265"},"modified":"2025-02-18T13:17:30","modified_gmt":"2025-02-18T12:17:30","slug":"rapsberry-p4","status":"publish","type":"product","link":"https:\/\/www.chtiraspycard.fr\/?product=rapsberry-p4","title":{"rendered":"Rapsberry P2w zero"},"content":{"rendered":"<h1>Les Raspberry\u00a0 ne sont pas vendu seul soit avec un Kit DMD et une Chtiraspycard<\/h1>\n<p>Raspberry Pi Zero 2 W se trouve le RP3A0, un syst\u00e8me int\u00e9gr\u00e9 sur mesure con\u00e7u par Raspberry Pi<\/p>\n<p>Avec un processeur ARM Cortex-A53 quadric\u0153ur 64 bits cadenc\u00e9 \u00e0 1 GHz et 512 Mo de SDRAM, Zero 2 est jusqu&#8217;\u00e0 cinq fois plus rapide que le Raspberry Pi Zero<\/p>\n","protected":false},"excerpt":{"rendered":"<p>Les Raspberry\u00a0 ne sont pas vendu seul soit avec un Kit DMD et une Chtiraspycard Raspberry Pi Zero 2 W se trouve le RP3A0, un syst\u00e8me int\u00e9gr\u00e9 sur mesure con\u00e7u par Raspberry Pi Avec un processeur ARM Cortex-A53 quadric\u0153ur 64 bits cadenc\u00e9 \u00e0 1 GHz et 512 Mo de SDRAM, Zero 2 est jusqu&#8217;\u00e0 cinq [&hellip;]<\/p>\n","protected":false},"featured_media":266,"comment_status":"open","ping_status":"closed","template":"","meta":[],"product_cat":[19],"product_tag":[],"class_list":{"0":"post-265","1":"product","2":"type-product","3":"status-publish","4":"has-post-thumbnail","6":"product_cat-rpi","8":"first","9":"outofstock","10":"shipping-taxable","11":"purchasable","12":"product-type-simple"},"_links":{"self":[{"href":"https:\/\/www.chtiraspycard.fr\/index.php?rest_route=\/wp\/v2\/product\/265","targetHints":{"allow":["GET"]}}],"collection":[{"href":"https:\/\/www.chtiraspycard.fr\/index.php?rest_route=\/wp\/v2\/product"}],"about":[{"href":"https:\/\/www.chtiraspycard.fr\/index.php?rest_route=\/wp\/v2\/types\/product"}],"replies":[{"embeddable":true,"href":"https:\/\/www.chtiraspycard.fr\/index.php?rest_route=%2Fwp%2Fv2%2Fcomments&post=265"}],"wp:featuredmedia":[{"embeddable":true,"href":"https:\/\/www.chtiraspycard.fr\/index.php?rest_route=\/wp\/v2\/media\/266"}],"wp:attachment":[{"href":"https:\/\/www.chtiraspycard.fr\/index.php?rest_route=%2Fwp%2Fv2%2Fmedia&parent=265"}],"wp:term":[{"taxonomy":"product_cat","embeddable":true,"href":"https:\/\/www.chtiraspycard.fr\/index.php?rest_route=%2Fwp%2Fv2%2Fproduct_cat&post=265"},{"taxonomy":"product_tag","embeddable":true,"href":"https:\/\/www.chtiraspycard.fr\/index.php?rest_route=%2Fwp%2Fv2%2Fproduct_tag&post=265"}],"curies":[{"name":"wp","href":"https:\/\/api.w.org\/{rel}","templated":true}]}}