{"id":263,"date":"2024-04-17T10:35:04","date_gmt":"2024-04-17T08:35:04","guid":{"rendered":"http:\/\/www.raspy.chtiraspycard.fr\/?post_type=product&#038;p=263"},"modified":"2024-11-20T17:58:41","modified_gmt":"2024-11-20T16:58:41","slug":"cable-awg","status":"publish","type":"product","link":"https:\/\/www.chtiraspycard.fr\/?product=cable-awg","title":{"rendered":"Cable AWG"},"content":{"rendered":"<blockquote>\n<ul class=\"a-unordered-list a-vertical a-spacing-mini\">\n<li class=\"a-spacing-mini\"><strong><span class=\"a-list-item\">Fil de silicone de calibre 24 &#8211; super flexible 40 brins de 0,08 mm Fil de cuivre \u00e9tam\u00e9 &#8211; Tr\u00e8s efficace &#8211; Imp\u00e9dance tr\u00e8s faible pour une connexion tr\u00e8s efficace.<\/span><\/strong><\/li>\n<li class=\"a-spacing-mini\"><strong><span class=\"a-list-item\">Fil de silicone r\u00e9sistant aux temp\u00e9ratures \u00e9lev\u00e9es. Temporisation: -60 degr\u00e9s Celsius +200 degr\u00e9s Celsius, r\u00e9sistance aux basses temp\u00e9ratures, dans des conditions de froid extr\u00eame -60 degr\u00e9s Celsius<\/span><\/strong><\/li>\n<li class=\"a-spacing-mini\"><strong><span class=\"a-list-item\">Conducteur: Cuivre \u00e9tam\u00e9 sans oxyg\u00e8ne de haute puret\u00e9, tension nominale 300V;<\/span><\/strong><\/li>\n<li class=\"a-spacing-mini\"><strong><span class=\"a-list-item\">Le fil de silicone est largement utilis\u00e9 pour le bricolage, les avions RC, les v\u00e9hicules RC, les maquettes, les batteries, les appareils \u00e9lectrom\u00e9nagers, les appareils de chauffage \u00e9lectrique, les compteurs, les instruments, le fil moteur, les imprimantes num\u00e9riques.<\/span><\/strong><\/li>\n<li class=\"a-spacing-mini\"><strong><span class=\"a-list-item\">(6 bobines de 9 m\u00e8tres de couleurs diff\u00e9rentes) couleurs: rouge, jaune, blanc, vert, bleu, noir<\/span><\/strong><\/li>\n<li><\/li>\n<\/ul>\n<\/blockquote>\n","protected":false},"excerpt":{"rendered":"<p><a href=\"https:\/\/opentx-doc.fr\/upload\/table_awg.pdf\">https:\/\/opentx-doc.fr\/upload\/table_awg.pdf<\/a><\/p>\n","protected":false},"featured_media":264,"comment_status":"open","ping_status":"closed","template":"","meta":[],"product_cat":[18],"product_tag":[],"class_list":{"0":"post-263","1":"product","2":"type-product","3":"status-publish","4":"has-post-thumbnail","6":"product_cat-cable","8":"first","9":"instock","10":"virtual","11":"purchasable","12":"product-type-simple"},"_links":{"self":[{"href":"https:\/\/www.chtiraspycard.fr\/index.php?rest_route=\/wp\/v2\/product\/263","targetHints":{"allow":["GET"]}}],"collection":[{"href":"https:\/\/www.chtiraspycard.fr\/index.php?rest_route=\/wp\/v2\/product"}],"about":[{"href":"https:\/\/www.chtiraspycard.fr\/index.php?rest_route=\/wp\/v2\/types\/product"}],"replies":[{"embeddable":true,"href":"https:\/\/www.chtiraspycard.fr\/index.php?rest_route=%2Fwp%2Fv2%2Fcomments&post=263"}],"wp:featuredmedia":[{"embeddable":true,"href":"https:\/\/www.chtiraspycard.fr\/index.php?rest_route=\/wp\/v2\/media\/264"}],"wp:attachment":[{"href":"https:\/\/www.chtiraspycard.fr\/index.php?rest_route=%2Fwp%2Fv2%2Fmedia&parent=263"}],"wp:term":[{"taxonomy":"product_cat","embeddable":true,"href":"https:\/\/www.chtiraspycard.fr\/index.php?rest_route=%2Fwp%2Fv2%2Fproduct_cat&post=263"},{"taxonomy":"product_tag","embeddable":true,"href":"https:\/\/www.chtiraspycard.fr\/index.php?rest_route=%2Fwp%2Fv2%2Fproduct_tag&post=263"}],"curies":[{"name":"wp","href":"https:\/\/api.w.org\/{rel}","templated":true}]}}