{"id":137,"date":"2024-04-15T10:40:35","date_gmt":"2024-04-15T08:40:35","guid":{"rendered":"http:\/\/www.raspy.chtiraspycard.fr\/?post_type=product&#038;p=137"},"modified":"2026-04-17T09:46:46","modified_gmt":"2026-04-17T07:46:46","slug":"cible-decathlon-ed110-blanche-avec-chtileds-monte","status":"publish","type":"product","link":"https:\/\/www.chtiraspycard.fr\/?product=cible-decathlon-ed110-blanche-avec-chtileds-monte","title":{"rendered":"Cible Blanche avec Chtileds mont\u00e9e  227 LED int\u00e9gr\u00e9es pour un confort visuel optimal &#8220;option mousse&#8221;"},"content":{"rendered":"<p>Chaque Chtileds est fabriqu\u00e9e \u00e0 100 % \u00e0 la main, avec pas moins de 908 soudures r\u00e9alis\u00e9es une \u00e0 une au fer \u00e0 souder. Nous utilisons uniquement de l\u2019\u00e9tain et du flux de qualit\u00e9 professionnelle. Les pads des LED SMS5050 sont sp\u00e9cialement agrandis pour une accroche parfaite, et une double soudure vient renforcer la fiabilit\u00e9 pour un r\u00e9sultat haut de gamme et durable.<\/p>\n<div style=\"width: 1170px;\" class=\"wp-video\"><video class=\"wp-video-shortcode\" id=\"video-137-1\" width=\"1170\" height=\"658\" preload=\"metadata\" controls=\"controls\"><source type=\"video\/mp4\" src=\"https:\/\/www.chtiraspycard.fr\/wp-content\/uploads\/2024\/04\/VID_20260318_193554.mp4?_=1\" \/><a href=\"https:\/\/www.chtiraspycard.fr\/wp-content\/uploads\/2024\/04\/VID_20260318_193554.mp4\">https:\/\/www.chtiraspycard.fr\/wp-content\/uploads\/2024\/04\/VID_20260318_193554.mp4<\/a><\/video><\/div>\n<div style=\"width: 1024px;\" class=\"wp-video\"><video class=\"wp-video-shortcode\" id=\"video-137-2\" width=\"1024\" height=\"576\" preload=\"metadata\" controls=\"controls\"><source type=\"video\/mp4\" src=\"https:\/\/www.chtiraspycard.fr\/wp-content\/uploads\/2024\/04\/ed5c3eb7-54ef-4e30-8100-eb297844d5a9-Copie.mp4?_=2\" \/><a href=\"https:\/\/www.chtiraspycard.fr\/wp-content\/uploads\/2024\/04\/ed5c3eb7-54ef-4e30-8100-eb297844d5a9-Copie.mp4\">https:\/\/www.chtiraspycard.fr\/wp-content\/uploads\/2024\/04\/ed5c3eb7-54ef-4e30-8100-eb297844d5a9-Copie.mp4<\/a><\/video><\/div>\n<h1 data-start=\"161\" data-end=\"196\">\ud83c\udfaf Cible blanche pr\u00eate \u00e0 monter 227 LEDS<\/h1>\n<p data-start=\"197\" data-end=\"246\"><em data-start=\"197\" data-end=\"246\">(R\u00e9serv\u00e9e uniquement aux clients ChtiRaspyCard)<\/em><\/p>\n<p data-start=\"248\" data-end=\"343\"><strong data-start=\"248\" data-end=\"304\">ATTENTION : la cible blanche n\u2019est pas vendue seule.<\/strong><br data-start=\"304\" data-end=\"307\" \/>Elle est disponible <strong data-start=\"327\" data-end=\"341\">uniquement<\/strong> :<\/p>\n<ul data-start=\"345\" data-end=\"453\">\n<li data-start=\"345\" data-end=\"407\">\n<p data-start=\"347\" data-end=\"407\">lors de l\u2019achat d\u2019une carte de la s\u00e9rie <strong data-start=\"387\" data-end=\"404\">ChtiRaspyCard<\/strong>,<\/p>\n<\/li>\n<li data-start=\"408\" data-end=\"453\">\n<p data-start=\"410\" data-end=\"453\">ou si vous poss\u00e9dez d\u00e9j\u00e0 une ChtiRaspyCard.<\/p>\n<\/li>\n<\/ul>\n<p data-start=\"455\" data-end=\"547\">\ud83d\udc49 C\u2019est un <strong data-start=\"467\" data-end=\"515\">service suppl\u00e9mentaire r\u00e9serv\u00e9 \u00e0 mes clients<\/strong>, non disponible en vente libre.<\/p>\n<hr data-start=\"549\" data-end=\"552\" \/>\n<h2 data-start=\"554\" data-end=\"587\">\ud83d\udd0c Alimentation et connexion<\/h2>\n<p data-start=\"588\" data-end=\"671\">La cible LED fonctionne en <strong data-start=\"615\" data-end=\"626\">5 Volts<\/strong>,<br data-start=\"627\" data-end=\"630\" \/>Le data (signal) utilise <strong data-start=\"655\" data-end=\"670\">le fil vert<\/strong>.<\/p>\n<hr data-start=\"673\" data-end=\"676\" \/>\n<h2 data-start=\"678\" data-end=\"736\">\u2753 Pas le temps ? Pas le mat\u00e9riel ? Pas pro en soudure ?<\/h2>\n<p data-start=\"738\" data-end=\"835\">Aucun souci !<br data-start=\"751\" data-end=\"754\" \/>Je vous propose une <strong data-start=\"774\" data-end=\"798\">cible pr\u00eate \u00e0 monter<\/strong>, parfaitement d\u00e9coup\u00e9e et \u00e9bavur\u00e9e :<\/p>\n<ul data-start=\"837\" data-end=\"951\">\n<li data-start=\"837\" data-end=\"867\">\n<p data-start=\"839\" data-end=\"867\">soit en version <strong data-start=\"855\" data-end=\"864\">ronde<\/strong>,<\/p>\n<\/li>\n<li data-start=\"868\" data-end=\"902\">\n<p data-start=\"870\" data-end=\"902\">soit en version <strong data-start=\"886\" data-end=\"899\">d\u2019origine<\/strong>,<\/p>\n<\/li>\n<li data-start=\"903\" data-end=\"951\">\n<p data-start=\"905\" data-end=\"951\">avec installation compl\u00e8te de la <strong data-start=\"938\" data-end=\"950\">ChtiLEDs<\/strong>.<\/p>\n<\/li>\n<\/ul>\n<p data-start=\"953\" data-end=\"1034\">Vous recevez une cible propre, ronde, nette, pr\u00eate \u00e0 \u00eatre fix\u00e9e dans votre borne.<\/p>\n<hr data-start=\"1036\" data-end=\"1039\" \/>\n<h2 data-start=\"1041\" data-end=\"1065\">\u2728 Options disponibles<\/h2>\n<h3 data-start=\"1067\" data-end=\"1113\">\ud83e\uddfd <strong data-start=\"1074\" data-end=\"1113\">Option : Mousse de diffusion (20 \u20ac)<\/strong><\/h3>\n<p data-start=\"1114\" data-end=\"1231\">Chaque segment est d\u00e9coup\u00e9 et pos\u00e9 <strong data-start=\"1149\" data-end=\"1162\">\u00e0 la main<\/strong>,<br data-start=\"1163\" data-end=\"1166\" \/>soit <strong data-start=\"1171\" data-end=\"1186\">62 segments<\/strong> \u2014 environ <strong data-start=\"1197\" data-end=\"1230\">3 heures de travail minutieux<\/strong>.<\/p>\n<p data-start=\"1233\" data-end=\"1334\">\u2714 Am\u00e9liore la diffusion de la lumi\u00e8re<br data-start=\"1270\" data-end=\"1273\" \/>\u2714 Adoucit les couleurs<br data-start=\"1295\" data-end=\"1298\" \/>\u2714 Meilleur rendu visuel dans le noir<\/p>\n<hr data-start=\"1336\" data-end=\"1339\" \/>\n<h3 data-start=\"1341\" data-end=\"1388\">\ud83d\udd2a <strong data-start=\"1348\" data-end=\"1386\">Option : D\u00e9coupe verticale (+10 \u20ac)<\/strong><\/h3>\n<p data-start=\"1389\" data-end=\"1468\">D\u00e9coupe sp\u00e9ciale des segments pour un rendu plus net et un meilleur alignement.<\/p>\n<p>&nbsp;<\/p>\n<p>&nbsp;<\/p>\n","protected":false},"excerpt":{"rendered":"<p>&nbsp;<\/p>\n[video width=\"720\" height=\"1280\" mp4=\"https:\/\/www.chtiraspycard.fr\/wp-content\/uploads\/2024\/04\/0e2ea1c6-d441-4f39-a3dd-be635f511ae7-1_MVCPE5Or.mp4\"][\/video]\n[video width=\"3840\" height=\"2160\" mp4=\"https:\/\/www.chtiraspycard.fr\/wp-content\/uploads\/2024\/04\/decoupe-fini.mp4\"][\/video]\n[video width=\"1920\" height=\"1080\" mp4=\"https:\/\/www.chtiraspycard.fr\/wp-content\/uploads\/2024\/04\/VID_20231211_123647.mp4\"][\/video]\n<p><img loading=\"lazy\" decoding=\"async\" class=\"size-full wp-image-1051 alignleft\" src=\"https:\/\/www.chtiraspycard.fr\/wp-content\/uploads\/2024\/11\/coupe-0.45.jpg\" alt=\"\" width=\"456\" height=\"342\" srcset=\"https:\/\/www.chtiraspycard.fr\/wp-content\/uploads\/2024\/11\/coupe-0.45.jpg 456w, https:\/\/www.chtiraspycard.fr\/wp-content\/uploads\/2024\/11\/coupe-0.45-300x225.jpg 300w\" sizes=\"auto, (max-width: 456px) 100vw, 456px\" \/><\/p>\n","protected":false},"featured_media":139,"comment_status":"open","ping_status":"closed","template":"","meta":[],"product_cat":[22],"product_tag":[],"class_list":{"0":"post-137","1":"product","2":"type-product","3":"status-publish","4":"has-post-thumbnail","6":"product_cat-cible","8":"first","9":"instock","10":"shipping-taxable","11":"purchasable","12":"product-type-simple"},"_links":{"self":[{"href":"https:\/\/www.chtiraspycard.fr\/index.php?rest_route=\/wp\/v2\/product\/137","targetHints":{"allow":["GET"]}}],"collection":[{"href":"https:\/\/www.chtiraspycard.fr\/index.php?rest_route=\/wp\/v2\/product"}],"about":[{"href":"https:\/\/www.chtiraspycard.fr\/index.php?rest_route=\/wp\/v2\/types\/product"}],"replies":[{"embeddable":true,"href":"https:\/\/www.chtiraspycard.fr\/index.php?rest_route=%2Fwp%2Fv2%2Fcomments&post=137"}],"wp:featuredmedia":[{"embeddable":true,"href":"https:\/\/www.chtiraspycard.fr\/index.php?rest_route=\/wp\/v2\/media\/139"}],"wp:attachment":[{"href":"https:\/\/www.chtiraspycard.fr\/index.php?rest_route=%2Fwp%2Fv2%2Fmedia&parent=137"}],"wp:term":[{"taxonomy":"product_cat","embeddable":true,"href":"https:\/\/www.chtiraspycard.fr\/index.php?rest_route=%2Fwp%2Fv2%2Fproduct_cat&post=137"},{"taxonomy":"product_tag","embeddable":true,"href":"https:\/\/www.chtiraspycard.fr\/index.php?rest_route=%2Fwp%2Fv2%2Fproduct_tag&post=137"}],"curies":[{"name":"wp","href":"https:\/\/api.w.org\/{rel}","templated":true}]}}