{"id":1176,"date":"2026-04-02T15:06:06","date_gmt":"2026-04-02T13:06:06","guid":{"rendered":"https:\/\/www.chtiraspycard.fr\/?post_type=product&#038;p=1176"},"modified":"2026-04-20T17:12:28","modified_gmt":"2026-04-20T15:12:28","slug":"nouveau-chtiraspycard-v4","status":"publish","type":"product","link":"https:\/\/www.chtiraspycard.fr\/?product=nouveau-chtiraspycard-v4","title":{"rendered":"NOUVEAU CHTIRASPYCARD V4"},"content":{"rendered":"<p data-start=\"85\" data-end=\"168\"><strong>INCLUS NAPPE ET CHTICARD\u00a0<\/strong><br \/>\n<img loading=\"lazy\" decoding=\"async\" class=\"aligncenter size-full wp-image-1201\" src=\"https:\/\/www.chtiraspycard.fr\/wp-content\/uploads\/2026\/04\/V4.jpg\" alt=\"\" width=\"1240\" height=\"1754\" srcset=\"https:\/\/www.chtiraspycard.fr\/wp-content\/uploads\/2026\/04\/V4.jpg 1240w, https:\/\/www.chtiraspycard.fr\/wp-content\/uploads\/2026\/04\/V4-212x300.jpg 212w, https:\/\/www.chtiraspycard.fr\/wp-content\/uploads\/2026\/04\/V4-724x1024.jpg 724w, https:\/\/www.chtiraspycard.fr\/wp-content\/uploads\/2026\/04\/V4-768x1086.jpg 768w, https:\/\/www.chtiraspycard.fr\/wp-content\/uploads\/2026\/04\/V4-1086x1536.jpg 1086w, https:\/\/www.chtiraspycard.fr\/wp-content\/uploads\/2026\/04\/V4-600x849.jpg 600w\" sizes=\"auto, (max-width: 1240px) 100vw, 1240px\" \/>La <strong data-start=\"88\" data-end=\"108\">Chtiraspycard V4<\/strong> est la s\u0153ur de la V2, avec quelques \u00e9volutions importantes.<\/p>\n<p data-start=\"170\" data-end=\"446\">Elle ne dispose plus des IF520 qui servaient pour les sorties suppl\u00e9mentaires (B5, B6, B7).<br data-start=\"261\" data-end=\"264\" \/>\u00c0 la place, vous b\u00e9n\u00e9ficiez d\u00e9sormais d\u2019un <strong data-start=\"307\" data-end=\"339\">bornier avec 6 sorties de 1A<\/strong>, ainsi qu\u2019une sortie B7 d\u00e9di\u00e9e pouvant accueillir soit un <strong data-start=\"398\" data-end=\"411\">relais 5V<\/strong>, soit un <strong data-start=\"421\" data-end=\"445\">capteur de vibration<\/strong>.<\/p>\n<p data-start=\"448\" data-end=\"686\">La grande nouveaut\u00e9 \u2014 et pas des moindres \u2014 est l\u2019int\u00e9gration d\u2019une <strong data-start=\"516\" data-end=\"528\">pile RTC<\/strong>.<br data-start=\"529\" data-end=\"532\" \/>Celle-ci permet de conserver l\u2019heure de votre syst\u00e8me, ce qui maintient votre installation <span class=\"hover:entity-accent entity-underline inline cursor-pointer align-baseline\"><span class=\"whitespace-normal\">Raspydarts<\/span><\/span> \u00e0 jour, ainsi que le DMD.<\/p>\n<p data-start=\"688\" data-end=\"857\">Gr\u00e2ce \u00e0 cela, vous pouvez d\u00e9sormais <strong data-start=\"724\" data-end=\"774\">utiliser votre syst\u00e8me sans connexion Internet<\/strong>, et jouer librement sans contrainte de synchronisation avec des services externes.<\/p>\n<p data-start=\"859\" data-end=\"933\">Pour le reste, les fonctionnalit\u00e9s restent <strong data-start=\"902\" data-end=\"932\">identiques \u00e0 la version V2<\/strong>.<\/p>\n<p><img loading=\"lazy\" decoding=\"async\" class=\"aligncenter size-full wp-image-1177\" src=\"https:\/\/www.chtiraspycard.fr\/wp-content\/uploads\/2026\/04\/chtiraspycard_white_bg-Photoroom.png\" alt=\"\" width=\"1022\" height=\"806\" srcset=\"https:\/\/www.chtiraspycard.fr\/wp-content\/uploads\/2026\/04\/chtiraspycard_white_bg-Photoroom.png 1022w, https:\/\/www.chtiraspycard.fr\/wp-content\/uploads\/2026\/04\/chtiraspycard_white_bg-Photoroom-300x237.png 300w, https:\/\/www.chtiraspycard.fr\/wp-content\/uploads\/2026\/04\/chtiraspycard_white_bg-Photoroom-768x606.png 768w, https:\/\/www.chtiraspycard.fr\/wp-content\/uploads\/2026\/04\/chtiraspycard_white_bg-Photoroom-600x473.png 600w\" sizes=\"auto, (max-width: 1022px) 100vw, 1022px\" \/><\/p>\n","protected":false},"excerpt":{"rendered":"<p>INCLUS NAPPE ET CHTICARD\u00a0 La Chtiraspycard V4 est la s\u0153ur de la V2, avec quelques \u00e9volutions importantes. Elle ne dispose plus des IF520 qui servaient pour les sorties suppl\u00e9mentaires (B5, B6, B7).\u00c0 la place, vous b\u00e9n\u00e9ficiez d\u00e9sormais d\u2019un bornier avec 6 sorties de 1A, ainsi qu\u2019une sortie B7 d\u00e9di\u00e9e pouvant accueillir soit un relais 5V, [&hellip;]<\/p>\n","protected":false},"featured_media":1191,"comment_status":"open","ping_status":"closed","template":"","meta":[],"product_cat":[19],"product_tag":[],"class_list":{"0":"post-1176","1":"product","2":"type-product","3":"status-publish","4":"has-post-thumbnail","6":"product_cat-rpi","8":"first","9":"instock","10":"shipping-taxable","11":"purchasable","12":"product-type-simple"},"_links":{"self":[{"href":"https:\/\/www.chtiraspycard.fr\/index.php?rest_route=\/wp\/v2\/product\/1176","targetHints":{"allow":["GET"]}}],"collection":[{"href":"https:\/\/www.chtiraspycard.fr\/index.php?rest_route=\/wp\/v2\/product"}],"about":[{"href":"https:\/\/www.chtiraspycard.fr\/index.php?rest_route=\/wp\/v2\/types\/product"}],"replies":[{"embeddable":true,"href":"https:\/\/www.chtiraspycard.fr\/index.php?rest_route=%2Fwp%2Fv2%2Fcomments&post=1176"}],"wp:featuredmedia":[{"embeddable":true,"href":"https:\/\/www.chtiraspycard.fr\/index.php?rest_route=\/wp\/v2\/media\/1191"}],"wp:attachment":[{"href":"https:\/\/www.chtiraspycard.fr\/index.php?rest_route=%2Fwp%2Fv2%2Fmedia&parent=1176"}],"wp:term":[{"taxonomy":"product_cat","embeddable":true,"href":"https:\/\/www.chtiraspycard.fr\/index.php?rest_route=%2Fwp%2Fv2%2Fproduct_cat&post=1176"},{"taxonomy":"product_tag","embeddable":true,"href":"https:\/\/www.chtiraspycard.fr\/index.php?rest_route=%2Fwp%2Fv2%2Fproduct_tag&post=1176"}],"curies":[{"name":"wp","href":"https:\/\/api.w.org\/{rel}","templated":true}]}}