{"id":1004,"date":"2025-03-09T21:02:58","date_gmt":"2025-03-09T20:02:58","guid":{"rendered":"https:\/\/www.chtiraspycard.fr\/?post_type=product&#038;p=1004"},"modified":"2025-03-11T17:24:24","modified_gmt":"2025-03-11T16:24:24","slug":"carte-pour-grandboard-pret-a-monter","status":"publish","type":"product","link":"https:\/\/www.chtiraspycard.fr\/?product=carte-pour-grandboard-pret-a-monter","title":{"rendered":"Carte pour GranBoard pr\u00eat \u00e0 monter"},"content":{"rendered":"<p>la carte V3 et con\u00e7u aussi pour modifier la granboard pour que vous pouvez profiter de toutes les fonctions du Raspydarts.<\/p>\n<p>celle ci sera vendu configur\u00e9 avec \u00e7a carte SD ainsi un kit qui vous permettra de remplac\u00e9 le module vert existant dans la cible pour une fixation simple et solide.<\/p>\n","protected":false},"excerpt":{"rendered":"<p>la carte V3 et con\u00e7u aussi pour modifier la granboard pour que vous pouvez profiter de toutes les fonctions du Raspydarts. celle ci sera vendu configur\u00e9 avec \u00e7a carte SD ainsi un kit qui vous permettra de remplac\u00e9 le module vert existant dans la cible pour une fixation simple et solide.<\/p>\n","protected":false},"featured_media":1005,"comment_status":"open","ping_status":"closed","template":"","meta":[],"product_cat":[15],"product_tag":[],"class_list":{"0":"post-1004","1":"product","2":"type-product","3":"status-publish","4":"has-post-thumbnail","6":"product_cat-non-classe","8":"first","9":"instock","10":"shipping-taxable","11":"product-type-simple"},"_links":{"self":[{"href":"https:\/\/www.chtiraspycard.fr\/index.php?rest_route=\/wp\/v2\/product\/1004","targetHints":{"allow":["GET"]}}],"collection":[{"href":"https:\/\/www.chtiraspycard.fr\/index.php?rest_route=\/wp\/v2\/product"}],"about":[{"href":"https:\/\/www.chtiraspycard.fr\/index.php?rest_route=\/wp\/v2\/types\/product"}],"replies":[{"embeddable":true,"href":"https:\/\/www.chtiraspycard.fr\/index.php?rest_route=%2Fwp%2Fv2%2Fcomments&post=1004"}],"wp:featuredmedia":[{"embeddable":true,"href":"https:\/\/www.chtiraspycard.fr\/index.php?rest_route=\/wp\/v2\/media\/1005"}],"wp:attachment":[{"href":"https:\/\/www.chtiraspycard.fr\/index.php?rest_route=%2Fwp%2Fv2%2Fmedia&parent=1004"}],"wp:term":[{"taxonomy":"product_cat","embeddable":true,"href":"https:\/\/www.chtiraspycard.fr\/index.php?rest_route=%2Fwp%2Fv2%2Fproduct_cat&post=1004"},{"taxonomy":"product_tag","embeddable":true,"href":"https:\/\/www.chtiraspycard.fr\/index.php?rest_route=%2Fwp%2Fv2%2Fproduct_tag&post=1004"}],"curies":[{"name":"wp","href":"https:\/\/api.w.org\/{rel}","templated":true}]}}