{"id":848,"date":"2024-11-17T08:48:35","date_gmt":"2024-11-17T07:48:35","guid":{"rendered":"https:\/\/www.chtiraspycard.fr\/?page_id=848"},"modified":"2024-11-17T08:48:37","modified_gmt":"2024-11-17T07:48:37","slug":"presentation-chti-eco","status":"publish","type":"page","link":"https:\/\/www.chtiraspycard.fr\/?page_id=848","title":{"rendered":"Pr\u00e9sentation chti \u00e9co"},"content":{"rendered":"\n<p><strong>Pourquoi La Chti-\u00e9co\u00a0?<\/strong><\/p>\n\n\n\n<p>Apr\u00e8s avoir beaucoup \u00e9chang\u00e9 avec des clients, je me suis rendu compte qu\u2019il en fallait pour toutes les bourses mais ce n\u2019est pas la motivation principale.<\/p>\n\n\n\n<p>La Chti Eco peut travailler sans une grosse alimentation&nbsp;: un&nbsp;\u00ab&nbsp;USB 55 w&nbsp;\u00bb suffit.<\/p>\n\n\n\n<p>Certaines personnes pr\u00e9f\u00e8rent rester sans boutons lumineux&nbsp;: la cible, l\u2019\u00e9cran, des boutons classiques et un petit kit audio leur suffisent.<\/p>\n\n\n\n<p>Alors pourquoi vendre la Chtiraspycard qui ne servira exploiter qu\u2019\u00e0 hauteur de 50% de ses capacit\u00e9s et de ses fonctions&nbsp;?<\/p>\n\n\n\n<p>La Chti Eco pourra aussi \u00eatre utile dans le cadre d\u2019une restauration d\u2019anciens jeux sans artifices&nbsp;: juste le minimum car il sera possible de r\u00e9cup\u00e9rer les boutons d\u2019origine ect.<\/p>\n\n\n\n<p>Comme vous le savez, le Groupe Vdart ne produit plus et bient\u00f4t les pi\u00e8ces d\u00e9tach\u00e9es ne seront plus non plus commercialis\u00e9es.<\/p>\n\n\n\n<p>La Chti-\u00e9co pourra prendre le relai ce qui \u00e9vitera que votre Vdarts ne finisse \u00e0 la poubelle.<\/p>\n\n\n\n<p>Pour la Grandboard, c\u2019est la m\u00eame chose&nbsp;: elle est \u00e9galement compatible.<\/p>\n\n\n\n<p>Donc pour r\u00e9sumer, si vous ne voulez pas trop investir, avoir un montage simple, redonner vie \u00e0 un ancien darts, ou une cible qui n\u2019est pas une ED110, vous ferez le bon choix en prenant la Chti-\u00e9co.<\/p>\n\n\n\n<p>A savoir que la chti-\u00e9co aura une option bient\u00f4t disponible\u2026.. &nbsp;<\/p>\n","protected":false},"excerpt":{"rendered":"<p>Pourquoi La Chti-\u00e9co\u00a0? Apr\u00e8s avoir beaucoup \u00e9chang\u00e9 avec des clients, je me suis rendu compte qu\u2019il en fallait pour toutes les bourses mais ce n\u2019est pas la motivation principale. La Chti Eco peut travailler sans une grosse alimentation&nbsp;: un&nbsp;\u00ab&nbsp;USB 55 w&nbsp;\u00bb suffit. Certaines personnes pr\u00e9f\u00e8rent rester sans boutons lumineux&nbsp;: la cible, l\u2019\u00e9cran, des boutons classiques [&hellip;]<\/p>\n","protected":false},"author":1,"featured_media":0,"parent":0,"menu_order":0,"comment_status":"closed","ping_status":"closed","template":"","meta":{"footnotes":""},"class_list":["post-848","page","type-page","status-publish","hentry"],"_links":{"self":[{"href":"https:\/\/www.chtiraspycard.fr\/index.php?rest_route=\/wp\/v2\/pages\/848","targetHints":{"allow":["GET"]}}],"collection":[{"href":"https:\/\/www.chtiraspycard.fr\/index.php?rest_route=\/wp\/v2\/pages"}],"about":[{"href":"https:\/\/www.chtiraspycard.fr\/index.php?rest_route=\/wp\/v2\/types\/page"}],"author":[{"embeddable":true,"href":"https:\/\/www.chtiraspycard.fr\/index.php?rest_route=\/wp\/v2\/users\/1"}],"replies":[{"embeddable":true,"href":"https:\/\/www.chtiraspycard.fr\/index.php?rest_route=%2Fwp%2Fv2%2Fcomments&post=848"}],"version-history":[{"count":1,"href":"https:\/\/www.chtiraspycard.fr\/index.php?rest_route=\/wp\/v2\/pages\/848\/revisions"}],"predecessor-version":[{"id":849,"href":"https:\/\/www.chtiraspycard.fr\/index.php?rest_route=\/wp\/v2\/pages\/848\/revisions\/849"}],"wp:attachment":[{"href":"https:\/\/www.chtiraspycard.fr\/index.php?rest_route=%2Fwp%2Fv2%2Fmedia&parent=848"}],"curies":[{"name":"wp","href":"https:\/\/api.w.org\/{rel}","templated":true}]}}