{"id":567,"date":"2024-10-17T12:41:16","date_gmt":"2024-10-17T10:41:16","guid":{"rendered":"https:\/\/www.chtiraspycard.fr\/?page_id=567"},"modified":"2024-12-25T08:23:58","modified_gmt":"2024-12-25T07:23:58","slug":"les-telechargements","status":"publish","type":"page","link":"https:\/\/www.chtiraspycard.fr\/?page_id=567","title":{"rendered":"Les t\u00e9l\u00e9chargements"},"content":{"rendered":"\n<h1 class=\"wp-block-heading has-text-align-center\"><strong>Cliquez sur l&#8217;image Raspydarts 4.4.2 <\/strong><\/h1>\n\n\n<div class=\"wp-block-image\">\n<figure class=\"aligncenter size-large is-resized\"><a class=\"site.chtiraspycard.fr\" href=\"http:\/\/site.chtiraspycard.fr\/Raspydarts%204.4.2\/\" target=\"_blank\" rel=\"noreferrer noopener\"><img loading=\"lazy\" decoding=\"async\" width=\"1024\" height=\"660\" src=\"https:\/\/www.chtiraspycard.fr\/wp-content\/uploads\/2024\/04\/en-tete-1024x660.jpg\" alt=\"\" class=\"wp-image-353\" style=\"width:473px;height:auto\" srcset=\"https:\/\/www.chtiraspycard.fr\/wp-content\/uploads\/2024\/04\/en-tete-1024x660.jpg 1024w, https:\/\/www.chtiraspycard.fr\/wp-content\/uploads\/2024\/04\/en-tete-300x193.jpg 300w, https:\/\/www.chtiraspycard.fr\/wp-content\/uploads\/2024\/04\/en-tete-768x495.jpg 768w, https:\/\/www.chtiraspycard.fr\/wp-content\/uploads\/2024\/04\/en-tete-600x387.jpg 600w, https:\/\/www.chtiraspycard.fr\/wp-content\/uploads\/2024\/04\/en-tete.jpg 1459w\" sizes=\"auto, (max-width: 1024px) 100vw, 1024px\" \/><\/a><\/figure>\n<\/div>\n\n\n<p><\/p>\n\n\n\n<h2 class=\"wp-block-heading has-text-align-center\"><strong>Cliquez sur l&#8217;image sur Raspy2dmd 1.5.3.25<\/strong><\/h2>\n\n\n<div class=\"wp-block-image\">\n<figure class=\"aligncenter size-full is-resized\"><a href=\"http:\/\/site.chtiraspycard.fr\/DMD%201.5.3.25\/\"><img loading=\"lazy\" decoding=\"async\" width=\"408\" height=\"123\" src=\"https:\/\/www.chtiraspycard.fr\/wp-content\/uploads\/2024\/04\/dmd1.jpg\" alt=\"\" class=\"wp-image-351\" style=\"width:471px;height:auto\" srcset=\"https:\/\/www.chtiraspycard.fr\/wp-content\/uploads\/2024\/04\/dmd1.jpg 408w, https:\/\/www.chtiraspycard.fr\/wp-content\/uploads\/2024\/04\/dmd1-300x90.jpg 300w\" sizes=\"auto, (max-width: 408px) 100vw, 408px\" \/><\/a><\/figure>\n<\/div>\n\n\n<p><\/p>\n\n\n\n<h1 class=\"wp-block-heading has-text-align-center\"><strong>Cliquez sur l&#8217;image win32 disk imager<\/strong><\/h1>\n\n\n<div class=\"wp-block-image\">\n<figure class=\"aligncenter size-full is-resized\"><a href=\"http:\/\/site.chtiraspycard.fr\/Win32usb\/\"><img loading=\"lazy\" decoding=\"async\" width=\"500\" height=\"394\" src=\"https:\/\/www.chtiraspycard.fr\/wp-content\/uploads\/2024\/10\/image-2.png\" alt=\"\" class=\"wp-image-589\" style=\"width:333px;height:auto\" srcset=\"https:\/\/www.chtiraspycard.fr\/wp-content\/uploads\/2024\/10\/image-2.png 500w, https:\/\/www.chtiraspycard.fr\/wp-content\/uploads\/2024\/10\/image-2-300x236.png 300w\" sizes=\"auto, (max-width: 500px) 100vw, 500px\" \/><\/a><\/figure>\n<\/div>\n\n\n<h2 class=\"wp-block-heading has-text-align-center\"><strong>VNC pour le contr\u00f4le \u00e0 distance id\u00e9al pour mettre les pr\u00e9noms <\/strong><\/h2>\n\n\n<div class=\"wp-block-image\">\n<figure class=\"aligncenter size-full is-resized\"><a href=\"http:\/\/site.chtiraspycard.fr\/RealVNC\/\"><img loading=\"lazy\" decoding=\"async\" width=\"760\" height=\"607\" src=\"https:\/\/www.chtiraspycard.fr\/wp-content\/uploads\/2024\/10\/image-3.png\" alt=\"\" class=\"wp-image-591\" style=\"width:245px;height:auto\" srcset=\"https:\/\/www.chtiraspycard.fr\/wp-content\/uploads\/2024\/10\/image-3.png 760w, https:\/\/www.chtiraspycard.fr\/wp-content\/uploads\/2024\/10\/image-3-300x240.png 300w, https:\/\/www.chtiraspycard.fr\/wp-content\/uploads\/2024\/10\/image-3-600x479.png 600w\" sizes=\"auto, (max-width: 760px) 100vw, 760px\" \/><\/a><\/figure>\n<\/div>\n\n\n<h1 class=\"wp-block-heading has-text-align-center\"><strong>Into Chtiraspycard \u00e0 t\u00e9l\u00e9charger <\/strong><\/h1>\n\n\n\n<figure class=\"wp-block-gallery has-nested-images columns-default is-cropped wp-block-gallery-1 is-layout-flex wp-block-gallery-is-layout-flex\">\n<figure class=\"wp-block-image size-full\"><a href=\"http:\/\/site.chtiraspycard.fr\/IntoChtiraspycard\/\"><img loading=\"lazy\" decoding=\"async\" width=\"828\" height=\"587\" data-id=\"618\" src=\"https:\/\/www.chtiraspycard.fr\/wp-content\/uploads\/2024\/10\/image-4.png\" alt=\"\" class=\"wp-image-618\" srcset=\"https:\/\/www.chtiraspycard.fr\/wp-content\/uploads\/2024\/10\/image-4.png 828w, https:\/\/www.chtiraspycard.fr\/wp-content\/uploads\/2024\/10\/image-4-300x213.png 300w, https:\/\/www.chtiraspycard.fr\/wp-content\/uploads\/2024\/10\/image-4-768x544.png 768w, https:\/\/www.chtiraspycard.fr\/wp-content\/uploads\/2024\/10\/image-4-600x425.png 600w\" sizes=\"auto, (max-width: 828px) 100vw, 828px\" \/><\/a><\/figure>\n\n\n\n<figure class=\"wp-block-image size-full\"><img loading=\"lazy\" decoding=\"async\" width=\"1918\" height=\"997\" data-id=\"797\" src=\"https:\/\/www.chtiraspycard.fr\/wp-content\/uploads\/2024\/11\/intro.jpg\" alt=\"\" class=\"wp-image-797\" srcset=\"https:\/\/www.chtiraspycard.fr\/wp-content\/uploads\/2024\/11\/intro.jpg 1918w, https:\/\/www.chtiraspycard.fr\/wp-content\/uploads\/2024\/11\/intro-300x156.jpg 300w, https:\/\/www.chtiraspycard.fr\/wp-content\/uploads\/2024\/11\/intro-1024x532.jpg 1024w, https:\/\/www.chtiraspycard.fr\/wp-content\/uploads\/2024\/11\/intro-768x399.jpg 768w, https:\/\/www.chtiraspycard.fr\/wp-content\/uploads\/2024\/11\/intro-1536x798.jpg 1536w, https:\/\/www.chtiraspycard.fr\/wp-content\/uploads\/2024\/11\/intro-600x312.jpg 600w\" sizes=\"auto, (max-width: 1918px) 100vw, 1918px\" \/><\/figure>\n<\/figure>\n\n\n\n<h1 class=\"wp-block-heading has-text-align-center\"><strong>FileZilla pour les transferts de Fichiers<\/strong><\/h1>\n\n\n<div class=\"wp-block-image\">\n<figure class=\"aligncenter size-full is-resized\"><a href=\"http:\/\/site.chtiraspycard.fr\/FileZilla\/\"><img loading=\"lazy\" decoding=\"async\" width=\"896\" height=\"545\" src=\"https:\/\/www.chtiraspycard.fr\/wp-content\/uploads\/2024\/10\/image-5.png\" alt=\"\" class=\"wp-image-622\" style=\"width:544px;height:auto\" srcset=\"https:\/\/www.chtiraspycard.fr\/wp-content\/uploads\/2024\/10\/image-5.png 896w, https:\/\/www.chtiraspycard.fr\/wp-content\/uploads\/2024\/10\/image-5-300x182.png 300w, https:\/\/www.chtiraspycard.fr\/wp-content\/uploads\/2024\/10\/image-5-768x467.png 768w, https:\/\/www.chtiraspycard.fr\/wp-content\/uploads\/2024\/10\/image-5-600x365.png 600w\" sizes=\"auto, (max-width: 896px) 100vw, 896px\" \/><\/a><\/figure>\n<\/div>\n\n\n<h1 class=\"wp-block-heading has-text-align-center\"><mark style=\"background-color:rgba(0, 0, 0, 0)\" class=\"has-inline-color has-vivid-red-color\"><strong>Ancienne version DMD<\/strong><\/mark><\/h1>\n\n\n\n<div class=\"wp-block-buttons is-layout-flex wp-block-buttons-is-layout-flex\">\n<div class=\"wp-block-button\"><a class=\"wp-block-button__link wp-element-button\" href=\"http:\/\/site.chtiraspycard.fr\/DMD%201.5.3.23\/\" target=\"_blank\" rel=\"noreferrer noopener\"> Raspy2DMD.1.5.3.23 <\/a><\/div>\n\n\n\n<div class=\"wp-block-button is-style-fill\"><a class=\"wp-block-button__link wp-element-button\" href=\"http:\/\/site.chtiraspycard.fr\/DMD%201.5.2.14\/\" target=\"_blank\" rel=\"noreferrer noopener\">Raspy2DMD.1.5.2.14<\/a><\/div>\n\n\n\n<div class=\"wp-block-button is-style-fill\"><a class=\"wp-block-button__link wp-element-button\" href=\"http:\/\/site.chtiraspycard.fr\/DMD%201.5.3.25\/\" target=\"_blank\" rel=\"noreferrer noopener\">Raspy2DMD.1.5.3.25<\/a><\/div>\n<\/div>\n\n\n\n<h1 class=\"wp-block-heading has-text-align-center\"><strong><mark style=\"background-color:rgba(0, 0, 0, 0)\" class=\"has-inline-color has-vivid-red-color\">Ancienne version RASPYDARTS<\/mark><\/strong><\/h1>\n\n\n\n<div class=\"wp-block-group\"><div class=\"wp-block-group__inner-container is-layout-constrained wp-block-group-is-layout-constrained\">\n<div class=\"wp-block-columns is-layout-flex wp-container-core-columns-is-layout-9d6595d7 wp-block-columns-is-layout-flex\">\n<div class=\"wp-block-column is-layout-flow wp-block-column-is-layout-flow\" style=\"flex-basis:100%\">\n<div class=\"wp-block-buttons is-layout-flex wp-block-buttons-is-layout-flex\">\n<div class=\"wp-block-button\"><a class=\"wp-block-button__link wp-element-button\" href=\"http:\/\/site.chtiraspycard.fr\/Raspydarts%204.3.3\/\"><strong>Raspydarts 4.3.3<\/strong><\/a><\/div>\n\n\n\n<div class=\"wp-block-button\"><a class=\"wp-block-button__link wp-element-button\" href=\"http:\/\/site.chtiraspycard.fr\/Raspydarts%204.4.1\/\" target=\"_blank\" rel=\"noreferrer noopener\"><strong>Raspydarts 4<\/strong>.4.1<\/a><\/div>\n\n\n\n<div class=\"wp-block-button\"><a class=\"wp-block-button__link wp-element-button\" href=\"http:\/\/site.chtiraspycard.fr\/Raspydarts%204.4.2\/\" target=\"_blank\" rel=\"noreferrer noopener\"><strong>Raspydarts 4.<\/strong>4<strong>.<\/strong>2<\/a><\/div>\n<\/div>\n<\/div>\n<\/div>\n<\/div><\/div>\n\n\n\n<h1 class=\"wp-block-heading has-text-align-center\">Un th\u00e8me que j&#8217;aime bien<\/h1>\n\n\n<div class=\"wp-block-image is-style-default\">\n<figure class=\"aligncenter size-large is-resized\"><a href=\"http:\/\/site.chtiraspycard.fr\/Synthwave\/\" target=\"_blank\" rel=\"noreferrer noopener\"><img loading=\"lazy\" decoding=\"async\" width=\"1024\" height=\"576\" src=\"https:\/\/www.chtiraspycard.fr\/wp-content\/uploads\/2024\/11\/background-1024x576.png\" alt=\"\" class=\"wp-image-804\" style=\"width:592px;height:auto\" srcset=\"https:\/\/www.chtiraspycard.fr\/wp-content\/uploads\/2024\/11\/background-1024x576.png 1024w, https:\/\/www.chtiraspycard.fr\/wp-content\/uploads\/2024\/11\/background-300x169.png 300w, https:\/\/www.chtiraspycard.fr\/wp-content\/uploads\/2024\/11\/background-768x432.png 768w, https:\/\/www.chtiraspycard.fr\/wp-content\/uploads\/2024\/11\/background-1536x864.png 1536w, https:\/\/www.chtiraspycard.fr\/wp-content\/uploads\/2024\/11\/background-600x338.png 600w, https:\/\/www.chtiraspycard.fr\/wp-content\/uploads\/2024\/11\/background.png 1920w\" sizes=\"auto, (max-width: 1024px) 100vw, 1024px\" \/><\/a><\/figure>\n<\/div>\n\n\n<p><\/p>\n","protected":false},"excerpt":{"rendered":"<p>Cliquez sur l&#8217;image Raspydarts 4.4.2 Cliquez sur l&#8217;image sur Raspy2dmd 1.5.3.25 Cliquez sur l&#8217;image win32 disk imager VNC pour le contr\u00f4le \u00e0 distance id\u00e9al pour mettre les pr\u00e9noms Into Chtiraspycard \u00e0 t\u00e9l\u00e9charger FileZilla pour les transferts de Fichiers Ancienne version DMD Ancienne version RASPYDARTS Un th\u00e8me que j&#8217;aime bien<\/p>\n","protected":false},"author":1,"featured_media":0,"parent":0,"menu_order":0,"comment_status":"closed","ping_status":"closed","template":"","meta":{"footnotes":""},"class_list":["post-567","page","type-page","status-publish","hentry"],"_links":{"self":[{"href":"https:\/\/www.chtiraspycard.fr\/index.php?rest_route=\/wp\/v2\/pages\/567","targetHints":{"allow":["GET"]}}],"collection":[{"href":"https:\/\/www.chtiraspycard.fr\/index.php?rest_route=\/wp\/v2\/pages"}],"about":[{"href":"https:\/\/www.chtiraspycard.fr\/index.php?rest_route=\/wp\/v2\/types\/page"}],"author":[{"embeddable":true,"href":"https:\/\/www.chtiraspycard.fr\/index.php?rest_route=\/wp\/v2\/users\/1"}],"replies":[{"embeddable":true,"href":"https:\/\/www.chtiraspycard.fr\/index.php?rest_route=%2Fwp%2Fv2%2Fcomments&post=567"}],"version-history":[{"count":36,"href":"https:\/\/www.chtiraspycard.fr\/index.php?rest_route=\/wp\/v2\/pages\/567\/revisions"}],"predecessor-version":[{"id":913,"href":"https:\/\/www.chtiraspycard.fr\/index.php?rest_route=\/wp\/v2\/pages\/567\/revisions\/913"}],"wp:attachment":[{"href":"https:\/\/www.chtiraspycard.fr\/index.php?rest_route=%2Fwp%2Fv2%2Fmedia&parent=567"}],"curies":[{"name":"wp","href":"https:\/\/api.w.org\/{rel}","templated":true}]}}