{"id":327,"date":"2024-04-18T11:42:33","date_gmt":"2024-04-18T09:42:33","guid":{"rendered":"http:\/\/www.raspy.chtiraspycard.fr\/?page_id=327"},"modified":"2025-11-25T12:56:31","modified_gmt":"2025-11-25T11:56:31","slug":"schema-v2","status":"publish","type":"page","link":"https:\/\/www.chtiraspycard.fr\/?page_id=327","title":{"rendered":"Sch\u00e9ma Chtiraspycard V2"},"content":{"rendered":"\n<h3 class=\"wp-block-heading\"><strong>Diff\u00e9rences entre la ChtiRaspyCard V1 et V2<\/strong><\/h3>\n\n\n\n<p>La <strong>ChtiRaspyCard V2<\/strong> est pratiquement identique \u00e0 la <strong>V1<\/strong>.<br>Les seules \u00e9volutions concernent :<\/p>\n\n\n\n<ul class=\"wp-block-list\">\n<li><strong>Une nouvelle disposition de certains composants<\/strong>, plus optimis\u00e9e<\/li>\n\n\n\n<li><strong>L\u2019ajout des GPIO 12 et 21 en fa\u00e7ade<\/strong>, facilitant les extensions et les tests rapides<\/li>\n<\/ul>\n\n\n\n<p>Ces ajouts permettent d\u00e9sormais \u00e0 la <strong>ChtiRaspyCard<\/strong> de g\u00e9rer d\u2019autres types de cibles gr\u00e2ce \u00e0 une <strong>ChtiCard compl\u00e9mentaire<\/strong>, comme :<\/p>\n\n\n\n<ul class=\"wp-block-list\">\n<li><strong>Vdarts<\/strong><\/li>\n\n\n\n<li><strong>3S<\/strong><\/li>\n\n\n\n<li>Et d\u2019autres mod\u00e8les compatibles<\/li>\n<\/ul>\n\n\n\n<p>La diff\u00e9rence la plus visible entre la V1 et la V2 est que <strong>les broches GPIO ne sont plus en fa\u00e7ade<\/strong> sur la V2, ce qui am\u00e9liore l\u2019ergonomie et le c\u00e2blage interne.<\/p>\n\n\n\n<div class=\"wp-block-columns is-layout-flex wp-container-core-columns-is-layout-9d6595d7 wp-block-columns-is-layout-flex\">\n<div class=\"wp-block-column is-layout-flow wp-block-column-is-layout-flow\" style=\"flex-basis:100%\">\n<div data-wp-interactive=\"core\/file\" class=\"wp-block-file\"><object data-wp-bind--hidden=\"!state.hasPdfPreview\" hidden class=\"wp-block-file__embed\" data=\"https:\/\/www.chtiraspycard.fr\/wp-content\/uploads\/2024\/11\/Composition3.pdf\" type=\"application\/pdf\" style=\"width:100%;height:600px\" aria-label=\"Contenu embarqu\u00e9 Composition3.\"><\/object><a id=\"wp-block-file--media-a0436b99-f844-44e6-bdc9-cee4913ce701\" href=\"https:\/\/www.chtiraspycard.fr\/wp-content\/uploads\/2024\/11\/Composition3.pdf\">Composition3<\/a><a href=\"https:\/\/www.chtiraspycard.fr\/wp-content\/uploads\/2024\/11\/Composition3.pdf\" class=\"wp-block-file__button wp-element-button\" download aria-describedby=\"wp-block-file--media-a0436b99-f844-44e6-bdc9-cee4913ce701\">T\u00e9l\u00e9charger<\/a><\/div>\n<\/div>\n<\/div>\n\n\n\n<p><strong>CHTICARD V2 <\/strong>Exemple de Montage .<\/p>\n\n\n\n<div data-wp-interactive=\"core\/file\" class=\"wp-block-file\"><object data-wp-bind--hidden=\"!state.hasPdfPreview\" hidden class=\"wp-block-file__embed\" data=\"https:\/\/www.chtiraspycard.fr\/wp-content\/uploads\/2025\/03\/Schematic_plan-v2-chticard.pdf\" type=\"application\/pdf\" style=\"width:100%;height:600px\" aria-label=\"Contenu embarqu\u00e9 Schematic_plan-v2 chticard.\"><\/object><a id=\"wp-block-file--media-c3ca5e6e-9e3a-4d70-b91a-995a080e9765\" href=\"https:\/\/www.chtiraspycard.fr\/wp-content\/uploads\/2025\/03\/Schematic_plan-v2-chticard.pdf\">Schematic_plan-v2 chticard<\/a><a href=\"https:\/\/www.chtiraspycard.fr\/wp-content\/uploads\/2025\/03\/Schematic_plan-v2-chticard.pdf\" class=\"wp-block-file__button wp-element-button\" download aria-describedby=\"wp-block-file--media-c3ca5e6e-9e3a-4d70-b91a-995a080e9765\">T\u00e9l\u00e9charger<\/a><\/div>\n\n\n\n<figure data-wp-context=\"{&quot;imageId&quot;:&quot;69fd8d2d6bf78&quot;}\" data-wp-interactive=\"core\/image\" data-wp-key=\"69fd8d2d6bf78\" class=\"wp-block-image size-large wp-lightbox-container\"><img loading=\"lazy\" decoding=\"async\" width=\"1024\" height=\"572\" data-wp-class--hide=\"state.isContentHidden\" data-wp-class--show=\"state.isContentVisible\" data-wp-init=\"callbacks.setButtonStyles\" data-wp-on--click=\"actions.showLightbox\" data-wp-on--load=\"callbacks.setButtonStyles\" data-wp-on-window--resize=\"callbacks.setButtonStyles\" src=\"https:\/\/www.chtiraspycard.fr\/wp-content\/uploads\/2025\/11\/schema-boutons-1024x572.jpg\" alt=\"\" class=\"wp-image-1123\" srcset=\"https:\/\/www.chtiraspycard.fr\/wp-content\/uploads\/2025\/11\/schema-boutons-1024x572.jpg 1024w, https:\/\/www.chtiraspycard.fr\/wp-content\/uploads\/2025\/11\/schema-boutons-300x167.jpg 300w, https:\/\/www.chtiraspycard.fr\/wp-content\/uploads\/2025\/11\/schema-boutons-768x429.jpg 768w, https:\/\/www.chtiraspycard.fr\/wp-content\/uploads\/2025\/11\/schema-boutons-600x335.jpg 600w, https:\/\/www.chtiraspycard.fr\/wp-content\/uploads\/2025\/11\/schema-boutons.jpg 1435w\" sizes=\"auto, (max-width: 1024px) 100vw, 1024px\" \/><button\n\t\t\tclass=\"lightbox-trigger\"\n\t\t\ttype=\"button\"\n\t\t\taria-haspopup=\"dialog\"\n\t\t\taria-label=\"Agrandir\"\n\t\t\tdata-wp-init=\"callbacks.initTriggerButton\"\n\t\t\tdata-wp-on--click=\"actions.showLightbox\"\n\t\t\tdata-wp-style--right=\"state.imageButtonRight\"\n\t\t\tdata-wp-style--top=\"state.imageButtonTop\"\n\t\t>\n\t\t\t<svg xmlns=\"http:\/\/www.w3.org\/2000\/svg\" width=\"12\" height=\"12\" fill=\"none\" viewBox=\"0 0 12 12\">\n\t\t\t\t<path fill=\"#fff\" d=\"M2 0a2 2 0 0 0-2 2v2h1.5V2a.5.5 0 0 1 .5-.5h2V0H2Zm2 10.5H2a.5.5 0 0 1-.5-.5V8H0v2a2 2 0 0 0 2 2h2v-1.5ZM8 12v-1.5h2a.5.5 0 0 0 .5-.5V8H12v2a2 2 0 0 1-2 2H8Zm2-12a2 2 0 0 1 2 2v2h-1.5V2a.5.5 0 0 0-.5-.5H8V0h2Z\" \/>\n\t\t\t<\/svg>\n\t\t<\/button><\/figure>\n","protected":false},"excerpt":{"rendered":"<p>Diff\u00e9rences entre la ChtiRaspyCard V1 et V2 La ChtiRaspyCard V2 est pratiquement identique \u00e0 la V1.Les seules \u00e9volutions concernent : Ces ajouts permettent d\u00e9sormais \u00e0 la ChtiRaspyCard de g\u00e9rer d\u2019autres types de cibles gr\u00e2ce \u00e0 une ChtiCard compl\u00e9mentaire, comme : La diff\u00e9rence la plus visible entre la V1 et la V2 est que les broches [&hellip;]<\/p>\n","protected":false},"author":1,"featured_media":0,"parent":0,"menu_order":0,"comment_status":"closed","ping_status":"closed","template":"","meta":{"footnotes":""},"class_list":["post-327","page","type-page","status-publish","hentry"],"_links":{"self":[{"href":"https:\/\/www.chtiraspycard.fr\/index.php?rest_route=\/wp\/v2\/pages\/327","targetHints":{"allow":["GET"]}}],"collection":[{"href":"https:\/\/www.chtiraspycard.fr\/index.php?rest_route=\/wp\/v2\/pages"}],"about":[{"href":"https:\/\/www.chtiraspycard.fr\/index.php?rest_route=\/wp\/v2\/types\/page"}],"author":[{"embeddable":true,"href":"https:\/\/www.chtiraspycard.fr\/index.php?rest_route=\/wp\/v2\/users\/1"}],"replies":[{"embeddable":true,"href":"https:\/\/www.chtiraspycard.fr\/index.php?rest_route=%2Fwp%2Fv2%2Fcomments&post=327"}],"version-history":[{"count":20,"href":"https:\/\/www.chtiraspycard.fr\/index.php?rest_route=\/wp\/v2\/pages\/327\/revisions"}],"predecessor-version":[{"id":1134,"href":"https:\/\/www.chtiraspycard.fr\/index.php?rest_route=\/wp\/v2\/pages\/327\/revisions\/1134"}],"wp:attachment":[{"href":"https:\/\/www.chtiraspycard.fr\/index.php?rest_route=%2Fwp%2Fv2%2Fmedia&parent=327"}],"curies":[{"name":"wp","href":"https:\/\/api.w.org\/{rel}","templated":true}]}}