{"id":297,"date":"2024-04-18T10:16:08","date_gmt":"2024-04-18T08:16:08","guid":{"rendered":"http:\/\/www.raspy.chtiraspycard.fr\/?page_id=297"},"modified":"2024-04-18T10:23:19","modified_gmt":"2024-04-18T08:23:19","slug":"presentation","status":"publish","type":"page","link":"https:\/\/www.chtiraspycard.fr\/?page_id=297","title":{"rendered":"Pr\u00e9sentation V2"},"content":{"rendered":"\n<p><mark style=\"background-color:rgba(0, 0, 0, 0)\" class=\"has-inline-color has-vivid-red-color\"><strong><em>La CHTIRASPYCARD<\/em><\/strong><\/mark> V2<br>Cette carte poss\u00e8de 2 entr\u00e9es : une 5 volts et une 12 volts.<br>Description:<\/p>\n\n\n\n<ul class=\"wp-block-list\">\n<li>9 entr\u00e9es Boutons \u00ab toys \u00bb de A7 \u00e0 B0. Le GND sert \u00e0 connecter les Boutons entre eux.<\/li>\n\n\n\n<li>Une sortie 5 Volts pour le Raspberry, protection par fusible et Diode.<\/li>\n\n\n\n<li>10 leds de contr\u00f4le dont 9 pour les sorties.<br>C\u00f4t\u00e9 12 volts, vous avez :<\/li>\n\n\n\n<li>6 sorties de 1A<br>o\u00f9<\/li>\n\n\n\n<li>4 sorties de 1A et 3 de 10A en multi Tension pour un total de 7 sorties MOSDARTS.<br>De B1 \u00e0 B7, 2 cavaliers bleus pour passer de 1 A \u00e0 10 A avec une tension de votre choix de 1 volt \u00e0 24<br>v sur les borniers Bleus c\u00f4t\u00e9 droit (voir le SCHEMA).<br>Toutes les sorties restantes de votre Raspberry sont sur la carte ainsi que celle du MCP.<br>Vous avez aussi en Option le module \u00ab TOYS Joueur suivant \u00bb en mode sans fil ; id\u00e9al quand vous<br>avez du monde pour changer de joueur (souvent oubli\u00e9 quand on discute).<\/li>\n\n\n\n<li>Une nappe ide plus fiable.<br>La Ch\u2019ti Card :<br>Vous avez :<\/li>\n\n\n\n<li>1 entr\u00e9e 5 volts pour connecter 3 p\u00e9riph\u00e9ries (exemple : Raspyleds, strip leds, et autres)<br>ce qui vous fait gagner du c\u00e2ble et de la place.<\/li>\n\n\n\n<li>3 sorties GPIO une G12, G21 et G10 pour une future \u00e9volution.<br>Contr\u00f4le de la tension par LEDS.<br>C\u2019est la premi\u00e8re carte \u00e0 ce jour la plus compl\u00e8te.<br>Tous les Composants sont soud\u00e9s \u00e0 la main et le concept est Bas\u00e9 sur la carte de Jimmy avec des<br>modifications notables.<\/li>\n<\/ul>\n\n\n\n<figure class=\"wp-block-image size-large\"><img loading=\"lazy\" decoding=\"async\" width=\"1024\" height=\"536\" src=\"http:\/\/www.raspy.chtiraspycard.fr\/wp-content\/uploads\/2024\/04\/chti2024-Photoroom-2.png-Photoroom-2-1024x536.png\" alt=\"\" class=\"wp-image-298\" srcset=\"https:\/\/www.chtiraspycard.fr\/wp-content\/uploads\/2024\/04\/chti2024-Photoroom-2.png-Photoroom-2-1024x536.png 1024w, https:\/\/www.chtiraspycard.fr\/wp-content\/uploads\/2024\/04\/chti2024-Photoroom-2.png-Photoroom-2-300x157.png 300w, https:\/\/www.chtiraspycard.fr\/wp-content\/uploads\/2024\/04\/chti2024-Photoroom-2.png-Photoroom-2-768x402.png 768w, https:\/\/www.chtiraspycard.fr\/wp-content\/uploads\/2024\/04\/chti2024-Photoroom-2.png-Photoroom-2-600x314.png 600w, https:\/\/www.chtiraspycard.fr\/wp-content\/uploads\/2024\/04\/chti2024-Photoroom-2.png-Photoroom-2.png 1280w\" sizes=\"auto, (max-width: 1024px) 100vw, 1024px\" \/><\/figure>\n\n\n\n<figure class=\"wp-block-image size-full is-resized\"><img loading=\"lazy\" decoding=\"async\" width=\"722\" height=\"716\" src=\"http:\/\/www.raspy.chtiraspycard.fr\/wp-content\/uploads\/2024\/04\/chticard-Photoroom.png-Photoroom-2.png\" alt=\"\" class=\"wp-image-301\" style=\"width:495px;height:auto\" srcset=\"https:\/\/www.chtiraspycard.fr\/wp-content\/uploads\/2024\/04\/chticard-Photoroom.png-Photoroom-2.png 722w, https:\/\/www.chtiraspycard.fr\/wp-content\/uploads\/2024\/04\/chticard-Photoroom.png-Photoroom-2-300x298.png 300w, https:\/\/www.chtiraspycard.fr\/wp-content\/uploads\/2024\/04\/chticard-Photoroom.png-Photoroom-2-150x150.png 150w, https:\/\/www.chtiraspycard.fr\/wp-content\/uploads\/2024\/04\/chticard-Photoroom.png-Photoroom-2-600x595.png 600w, https:\/\/www.chtiraspycard.fr\/wp-content\/uploads\/2024\/04\/chticard-Photoroom.png-Photoroom-2-100x100.png 100w\" sizes=\"auto, (max-width: 722px) 100vw, 722px\" \/><figcaption class=\"wp-element-caption\">La Chticard se conect sur votre cible ed110 <\/figcaption><\/figure>\n","protected":false},"excerpt":{"rendered":"<p>La CHTIRASPYCARD V2Cette carte poss\u00e8de 2 entr\u00e9es : une 5 volts et une 12 volts.Description:<\/p>\n","protected":false},"author":1,"featured_media":0,"parent":0,"menu_order":0,"comment_status":"closed","ping_status":"closed","template":"","meta":{"footnotes":""},"class_list":["post-297","page","type-page","status-publish","hentry"],"_links":{"self":[{"href":"https:\/\/www.chtiraspycard.fr\/index.php?rest_route=\/wp\/v2\/pages\/297","targetHints":{"allow":["GET"]}}],"collection":[{"href":"https:\/\/www.chtiraspycard.fr\/index.php?rest_route=\/wp\/v2\/pages"}],"about":[{"href":"https:\/\/www.chtiraspycard.fr\/index.php?rest_route=\/wp\/v2\/types\/page"}],"author":[{"embeddable":true,"href":"https:\/\/www.chtiraspycard.fr\/index.php?rest_route=\/wp\/v2\/users\/1"}],"replies":[{"embeddable":true,"href":"https:\/\/www.chtiraspycard.fr\/index.php?rest_route=%2Fwp%2Fv2%2Fcomments&post=297"}],"version-history":[{"count":3,"href":"https:\/\/www.chtiraspycard.fr\/index.php?rest_route=\/wp\/v2\/pages\/297\/revisions"}],"predecessor-version":[{"id":307,"href":"https:\/\/www.chtiraspycard.fr\/index.php?rest_route=\/wp\/v2\/pages\/297\/revisions\/307"}],"wp:attachment":[{"href":"https:\/\/www.chtiraspycard.fr\/index.php?rest_route=%2Fwp%2Fv2%2Fmedia&parent=297"}],"curies":[{"name":"wp","href":"https:\/\/api.w.org\/{rel}","templated":true}]}}