{"id":105,"date":"2024-04-14T18:35:02","date_gmt":"2024-04-14T16:35:02","guid":{"rendered":"http:\/\/www.raspy.chtiraspycard.fr\/?page_id=105"},"modified":"2024-10-30T07:19:55","modified_gmt":"2024-10-30T06:19:55","slug":"demo-ancien-darts","status":"publish","type":"page","link":"https:\/\/www.chtiraspycard.fr\/?page_id=105","title":{"rendered":"D\u00e9mo ancien Darts"},"content":{"rendered":"\n<figure class=\"wp-block-embed is-type-video is-provider-youtube wp-block-embed-youtube wp-embed-aspect-4-3 wp-has-aspect-ratio\"><div class=\"wp-block-embed__wrapper\">\n<iframe loading=\"lazy\" title=\"Chtidarts\" width=\"1170\" height=\"878\" src=\"https:\/\/www.youtube.com\/embed\/111hdOT94BY?feature=oembed\" frameborder=\"0\" allow=\"accelerometer; autoplay; clipboard-write; encrypted-media; gyroscope; picture-in-picture; web-share\" referrerpolicy=\"strict-origin-when-cross-origin\" allowfullscreen><\/iframe>\n<\/div><figcaption class=\"wp-element-caption\">Cr\u00e9ation Mars 2024 Carte m\u00e8re d&#8217;origine Hors service r\u00e9alisation d&#8217;un client avec la Chtidarts V3 et le Kit DMD \u00e0 119 \u20ac<\/figcaption><\/figure>\n\n\n\n<figure class=\"wp-block-image size-large is-resized\"><img loading=\"lazy\" decoding=\"async\" width=\"534\" height=\"1024\" src=\"https:\/\/www.chtiraspycard.fr\/wp-content\/uploads\/2024\/04\/81ecd988-73d4-482c-ab5b-1b6c1425038d-534x1024.jpg\" alt=\"\" class=\"wp-image-188\" style=\"width:372px;height:auto\" srcset=\"https:\/\/www.chtiraspycard.fr\/wp-content\/uploads\/2024\/04\/81ecd988-73d4-482c-ab5b-1b6c1425038d-534x1024.jpg 534w, https:\/\/www.chtiraspycard.fr\/wp-content\/uploads\/2024\/04\/81ecd988-73d4-482c-ab5b-1b6c1425038d-157x300.jpg 157w, https:\/\/www.chtiraspycard.fr\/wp-content\/uploads\/2024\/04\/81ecd988-73d4-482c-ab5b-1b6c1425038d-768x1472.jpg 768w, https:\/\/www.chtiraspycard.fr\/wp-content\/uploads\/2024\/04\/81ecd988-73d4-482c-ab5b-1b6c1425038d-802x1536.jpg 802w, https:\/\/www.chtiraspycard.fr\/wp-content\/uploads\/2024\/04\/81ecd988-73d4-482c-ab5b-1b6c1425038d-600x1150.jpg 600w, https:\/\/www.chtiraspycard.fr\/wp-content\/uploads\/2024\/04\/81ecd988-73d4-482c-ab5b-1b6c1425038d.jpg 1002w\" sizes=\"auto, (max-width: 534px) 100vw, 534px\" \/><\/figure>\n\n\n\n<p>Restauration Compl\u00e8te ajout d\u2019\u00e9cran 15,6 sur MDF 6mm  <\/p>\n\n\n\n<div class=\"wp-block-cover\" style=\"min-height:100vh;aspect-ratio:unset;\"><span aria-hidden=\"true\" class=\"wp-block-cover__background has-background-dim\"><\/span><video class=\"wp-block-cover__video-background intrinsic-ignore\" autoplay muted loop playsinline src=\"https:\/\/www.chtiraspycard.fr\/wp-content\/uploads\/2024\/10\/6fd4f052-29ec-4e19-ad64-31bf67e13f29.mp4\" data-object-fit=\"cover\"><\/video><div class=\"wp-block-cover__inner-container is-layout-flow wp-block-cover-is-layout-flow\">\n<p><\/p>\n\n\n\n<p><\/p>\n\n\n\n<p><\/p>\n\n\n\n<p><\/p>\n\n\n\n<p><\/p>\n\n\n\n<p><\/p>\n\n\n\n<p><\/p>\n\n\n\n<p><\/p>\n\n\n\n<p><\/p>\n\n\n\n<p><\/p>\n\n\n\n<p><\/p>\n\n\n\n<p><\/p>\n\n\n\n<p><\/p>\n\n\n\n<p><\/p>\n\n\n\n<p class=\"has-text-align-left has-large-font-size\">Restauration Chtiraspycard V3<\/p>\n<\/div><\/div>\n","protected":false},"excerpt":{"rendered":"<p>Restauration Compl\u00e8te ajout d\u2019\u00e9cran 15,6 sur MDF 6mm<\/p>\n","protected":false},"author":1,"featured_media":0,"parent":0,"menu_order":0,"comment_status":"closed","ping_status":"closed","template":"","meta":{"footnotes":""},"class_list":["post-105","page","type-page","status-publish","hentry"],"_links":{"self":[{"href":"https:\/\/www.chtiraspycard.fr\/index.php?rest_route=\/wp\/v2\/pages\/105","targetHints":{"allow":["GET"]}}],"collection":[{"href":"https:\/\/www.chtiraspycard.fr\/index.php?rest_route=\/wp\/v2\/pages"}],"about":[{"href":"https:\/\/www.chtiraspycard.fr\/index.php?rest_route=\/wp\/v2\/types\/page"}],"author":[{"embeddable":true,"href":"https:\/\/www.chtiraspycard.fr\/index.php?rest_route=\/wp\/v2\/users\/1"}],"replies":[{"embeddable":true,"href":"https:\/\/www.chtiraspycard.fr\/index.php?rest_route=%2Fwp%2Fv2%2Fcomments&post=105"}],"version-history":[{"count":7,"href":"https:\/\/www.chtiraspycard.fr\/index.php?rest_route=\/wp\/v2\/pages\/105\/revisions"}],"predecessor-version":[{"id":725,"href":"https:\/\/www.chtiraspycard.fr\/index.php?rest_route=\/wp\/v2\/pages\/105\/revisions\/725"}],"wp:attachment":[{"href":"https:\/\/www.chtiraspycard.fr\/index.php?rest_route=%2Fwp%2Fv2%2Fmedia&parent=105"}],"curies":[{"name":"wp","href":"https:\/\/api.w.org\/{rel}","templated":true}]}}